{"id":20835,"date":"2025-01-10T06:20:39","date_gmt":"2025-01-10T06:20:39","guid":{"rendered":"https:\/\/meterny.com\/?post_type=product&#038;p=20835"},"modified":"2025-01-13T08:46:30","modified_gmt":"2025-01-13T08:46:30","slug":"flame-retardant-wpc-wall-panel","status":"publish","type":"product","link":"https:\/\/meterny.com\/pt\/produto\/flame-retardant-wpc-wall-panel\/","title":{"rendered":"Painel de Parede de PVC Retardante de Chamas com Baixa Manuten\u00e7\u00e3o"},"content":{"rendered":"<div class=\"elementor-element elementor-element-c0e1d42 elementor-widget elementor-widget-heading\" data-id=\"c0e1d42\" data-element_type=\"widget\" data-widget_type=\"heading.default\">\n<div class=\"elementor-widget-container\"><\/div>\n<\/div>\n<div class=\"elementor-element elementor-element-1f676da elementor-widget elementor-widget-heading\" data-id=\"1f676da\" data-element_type=\"widget\" data-widget_type=\"heading.default\">\n<h2>Nome do produto: Painel de Parede de Wpc Retardante de Chamas<\/h2>\n<p>&nbsp;<\/p>\n<p><strong style=\"font-size: 1.5em;\">Especifica\u00e7\u00f5es do produto<\/strong><span style=\"font-size: 1.5em; font-weight: bold;\">:<\/span><\/p>\n<ul>\n<li><strong>Material<\/strong>: Comp\u00f3sito de madeira e pl\u00e1stico (WPC)<\/li>\n<li><strong>Dimens\u00f5es<\/strong>: 135*119*23mm\/217*201*28mm\/227*210*25mm, com personaliza\u00e7\u00e3o dispon\u00edvel de acordo com os requisitos do cliente.<\/li>\n<li><strong>Espessura<\/strong>: 23\/25\/28mm<\/li>\n<li><strong>Peso<\/strong>: 3kg\/metro<\/li>\n<li><strong>Op\u00e7\u00f5es de cores<\/strong>: Dispon\u00edvel numa variedade de cores como o pau-rosa, o caf\u00e9, o cinzento claro, o castanho, o preto, etc., com diferentes texturas como o gr\u00e3o de madeira, o papel de parede, o m\u00e1rmore, etc.<\/li>\n<li><strong>Op\u00e7\u00f5es de acabamento<\/strong>: Gr\u00e3o de madeira 3d<\/li>\n<li><strong>M\u00e9todo de instala\u00e7\u00e3o<\/strong>: macho e f\u00eamea, sistema de clipes, etc.<\/li>\n<li><strong>Garantia<\/strong>: mais de 10 anos<\/li>\n<\/ul>\n<h2 class=\"\">Material do produto<\/h2>\n<div class=\"paragraph\">Composto principalmente por fibras de madeira e pol\u00edmeros termopl\u00e1sticos, como 35% HDPE + 60% fibra de madeira + 5% aditivos, alguns produtos podem tamb\u00e9m conter carbonato de c\u00e1lcio e outros ingredientes.<\/div>\n<h2 class=\"\">Carater\u00edsticas do produto<\/h2>\n<ul>\n<li>\n<div class=\"paragraph\"><strong class=\"\">Resist\u00eancia ao fogo<\/strong>: Possui uma excelente resist\u00eancia ao fogo, pode auto-extinguir-se e n\u00e3o liberta gases t\u00f3xicos quando exposto ao fogo, com uma classifica\u00e7\u00e3o de resist\u00eancia ao fogo de n\u00edvel B1.<\/div>\n<\/li>\n<li>\n<div class=\"paragraph\"><strong class=\"\">\u00c0 prova de \u00e1gua e resistente \u00e0 humidade<\/strong>: Completamente \u00e0 prova de \u00e1gua, n\u00e3o se deforma, n\u00e3o apodrece nem cria bolor em ambientes h\u00famidos, o que o torna adequado para utiliza\u00e7\u00e3o em cozinhas, casas de banho e outras \u00e1reas h\u00famidas.<\/div>\n<\/li>\n<li>\n<div class=\"paragraph\"><strong class=\"\">Resistente a insectos<\/strong>: O pr\u00f3prio material tem propriedades resistentes a insectos, eliminando a preocupa\u00e7\u00e3o de infesta\u00e7\u00e3o de insectos.<\/div>\n<\/li>\n<li>\n<div class=\"paragraph\"><strong class=\"\">Alta resist\u00eancia e durabilidade<\/strong>: Oferece uma elevada resist\u00eancia e dureza, \u00e9 resistente ao desgaste e \u00e0s fissuras, capaz de suportar v\u00e1rios desafios ambientais e tem uma longa vida \u00fatil.<\/div>\n<\/li>\n<li>\n<div class=\"paragraph\"><strong class=\"\">Adaptabilidade \u00e0 temperatura<\/strong>: Mant\u00e9m-se est\u00e1vel tanto no ver\u00e3o abrasador como no inverno gelado, resistindo a mudan\u00e7as de temperatura extremas.<\/div>\n<\/li>\n<li>\n<div class=\"paragraph\"><strong class=\"\">Respeito pelo ambiente<\/strong>: N\u00e3o cont\u00e9m benzeno, formalde\u00eddo ou outras subst\u00e2ncias nocivas, garantindo a n\u00e3o exacerba\u00e7\u00e3o da polui\u00e7\u00e3o atmosf\u00e9rica, e \u00e9 recicl\u00e1vel, em conformidade com as pol\u00edticas globais de desenvolvimento sustent\u00e1vel.<\/div>\n<\/li>\n<li>\n<div class=\"paragraph\"><strong class=\"\">Processamento e instala\u00e7\u00e3o f\u00e1ceis<\/strong>: T\u00e3o f\u00e1cil de processar como a madeira, pode ser serrada, aplainada, colada, etc., e \u00e9 muito c\u00f3moda de instalar, permitindo uma instala\u00e7\u00e3o f\u00e1cil com acess\u00f3rios.<\/div>\n<\/li>\n<li>\n<div class=\"paragraph\"><strong class=\"\">Isolamento ac\u00fastico e poupan\u00e7a de energia<\/strong>: O excelente desempenho de absor\u00e7\u00e3o sonora ajuda a criar um ambiente interior silencioso e torna o espa\u00e7o mais eficiente em termos energ\u00e9ticos.<\/div>\n<\/li>\n<\/ul>\n<h2 class=\"\">Cen\u00e1rios de aplica\u00e7\u00e3o<\/h2>\n<ul>\n<li>\n<div class=\"paragraph\"><strong class=\"\">Espa\u00e7os interiores<\/strong>: Adequado para a decora\u00e7\u00e3o de paredes em salas de estar, quartos, salas de jantar, escrit\u00f3rios, etc., pode criar paredes carater\u00edsticas, real\u00e7ar elementos arquitect\u00f3nicos ou dar um toque elegante ao design geral.<\/div>\n<\/li>\n<li>\n<div class=\"paragraph\"><strong class=\"\">Espa\u00e7os exteriores<\/strong>: Aplic\u00e1vel \u00e0 decora\u00e7\u00e3o exterior de edif\u00edcios, \u00e1reas de descanso ao ar livre, etc., a sua resist\u00eancia \u00e0s intemp\u00e9ries, \u00e0 radia\u00e7\u00e3o ultravioleta e \u00e0 humidade torna-o uma escolha fi\u00e1vel para melhorar o aspeto dos edif\u00edcios residenciais e comerciais.<\/div>\n<\/li>\n<\/ul>\n<h2 class=\"\">Servi\u00e7o p\u00f3s-venda<\/h2>\n<ul>\n<li>\n<div class=\"paragraph\"><strong>Apoio t\u00e9cnico<\/strong>: Fornece suporte t\u00e9cnico online.<\/div>\n<\/li>\n<li>\n<div class=\"paragraph\"><strong class=\"\">Servi\u00e7o de amostragem<\/strong>: Oferece amostras com pre\u00e7os competitivos DHL, FedEx.<\/div>\n<\/li>\n<li>\n<div class=\"paragraph\"><strong class=\"\">Servi\u00e7o de expedi\u00e7\u00e3o<\/strong>: Apoia servi\u00e7os de transporte mar\u00edtimo competitivos.<\/div>\n<\/li>\n<\/ul>\n<h2 class=\"\">Vantagens do produto<\/h2>\n<ul>\n<li>\n<div class=\"paragraph\"><strong class=\"\">Emiss\u00e3o zero de formalde\u00eddo<\/strong>: Feito principalmente de WPC, este material de moldagem composto \u00e9 amigo do ambiente e ajuda a melhorar a qualidade do ar interior, cumprindo os requisitos e regulamentos ambientais internacionais.<\/div>\n<\/li>\n<li>\n<div class=\"paragraph\"><strong class=\"\">Valor est\u00e9tico<\/strong>: Acrescenta um valor est\u00e9tico significativo, pode integrar-se harmoniosamente em diferentes estilos arquitect\u00f3nicos, com uma variedade de cores, texturas e padr\u00f5es dispon\u00edveis, capazes de imitar o aspeto da madeira natural ou de apresentar efeitos 3D modernos.<\/div>\n<\/li>\n<li>\n<div class=\"paragraph\"><strong class=\"\">Durabilidade<\/strong>: Sendo um material composto, n\u00e3o absorve \u00e1gua, n\u00e3o apodrece nem \u00e9 danificado por insectos, tem uma vida \u00fatil mais longa do que os materiais normais e quase n\u00e3o necessita de manuten\u00e7\u00e3o.<\/div>\n<\/li>\n<li>\n<div class=\"paragraph\"><strong class=\"\">Facilidade de instala\u00e7\u00e3o<\/strong>: O processo de instala\u00e7\u00e3o \u00e9 simples, poupando tempo e esfor\u00e7o.<\/div>\n<\/li>\n<\/ul>\n<h2 class=\"\">Embalagem e expedi\u00e7\u00e3o<\/h2>\n<div class=\"paragraph\">Normalmente embalado em caixas de cart\u00e3o, \u00e9 conveniente para o transporte e pode satisfazer os requisitos de envio de diferentes clientes.<\/div>\n<div><\/div>\n<h3>\u00a0Se quiser saber mais pormenores, clique neste link do youtube:<a href=\"https:\/\/youtu.be\/tvSl5yo4US0\" target=\"_blank\" rel=\"noopener\">https:\/\/youtu.be\/tvSl5yo4US0<\/a><\/h3>\n<p>&nbsp;<\/p>\n<h3>Galeria<\/h3>\n<p>Painel de Parede em PVC Retardante de Chamas<\/p>\n<figure id=\"attachment_18295\" aria-describedby=\"caption-attachment-18295\" style=\"width: 1024px\" class=\"wp-caption alignnone\"><img loading=\"lazy\" decoding=\"async\" class=\"wp-image-18295\" src=\"https:\/\/meterny.com\/wp-content\/uploads\/2024\/10\/image711.jpg\" alt=\"Pain\u00e9is de arte para parede WPC personaliz\u00e1veis\" width=\"1024\" height=\"404\" srcset=\"https:\/\/meterny.com\/wp-content\/uploads\/2024\/10\/image711.jpg 1520w, https:\/\/meterny.com\/wp-content\/uploads\/2024\/10\/image711-300x118.jpg 300w, https:\/\/meterny.com\/wp-content\/uploads\/2024\/10\/image711-1024x404.jpg 1024w, https:\/\/meterny.com\/wp-content\/uploads\/2024\/10\/image711-768x303.jpg 768w, https:\/\/meterny.com\/wp-content\/uploads\/2024\/10\/image711-600x237.jpg 600w\" sizes=\"auto, (max-width: 1024px) 100vw, 1024px\" \/><figcaption id=\"caption-attachment-18295\" class=\"wp-caption-text\">Personalize as suas paredes com pain\u00e9is de arte para parede WPC personaliz\u00e1veis<\/figcaption><\/figure>\n<p>Painel de Parede em PVC Retardante de Chamas<\/p>\n<figure id=\"attachment_17350\" aria-describedby=\"caption-attachment-17350\" style=\"width: 1024px\" class=\"wp-caption alignnone\"><img loading=\"lazy\" decoding=\"async\" class=\"wp-image-17350\" src=\"https:\/\/meterny.com\/wp-content\/uploads\/2024\/04\/70-12.png\" alt=\"Painel de Parede Exterior WPC Anti-humidade\" width=\"1024\" height=\"1024\" srcset=\"https:\/\/meterny.com\/wp-content\/uploads\/2024\/04\/70-12.png 900w, https:\/\/meterny.com\/wp-content\/uploads\/2024\/04\/70-12-300x300.png 300w, https:\/\/meterny.com\/wp-content\/uploads\/2024\/04\/70-12-150x150.png 150w, https:\/\/meterny.com\/wp-content\/uploads\/2024\/04\/70-12-768x768.png 768w, https:\/\/meterny.com\/wp-content\/uploads\/2024\/04\/70-12-600x600.png 600w, https:\/\/meterny.com\/wp-content\/uploads\/2024\/04\/70-12-100x100.png 100w\" sizes=\"auto, (max-width: 1024px) 100vw, 1024px\" \/><figcaption id=\"caption-attachment-17350\" class=\"wp-caption-text\">D\u00ea um toque moderno \u00e0 sua paisagem exterior com os pain\u00e9is de parede WPC<\/figcaption><\/figure>\n<p>Painel de Parede em PVC Retardante de Chamas<\/p>\n<figure id=\"attachment_17336\" aria-describedby=\"caption-attachment-17336\" style=\"width: 1024px\" class=\"wp-caption alignnone\"><img loading=\"lazy\" decoding=\"async\" class=\"wp-image-17336\" src=\"https:\/\/meterny.com\/wp-content\/uploads\/2024\/04\/98.png\" alt=\"Pain\u00e9is de parede residenciais exteriores em WPC\" width=\"1024\" height=\"1024\" srcset=\"https:\/\/meterny.com\/wp-content\/uploads\/2024\/04\/98.png 800w, https:\/\/meterny.com\/wp-content\/uploads\/2024\/04\/98-300x300.png 300w, https:\/\/meterny.com\/wp-content\/uploads\/2024\/04\/98-150x150.png 150w, https:\/\/meterny.com\/wp-content\/uploads\/2024\/04\/98-768x768.png 768w, https:\/\/meterny.com\/wp-content\/uploads\/2024\/04\/98-600x600.png 600w, https:\/\/meterny.com\/wp-content\/uploads\/2024\/04\/98-100x100.png 100w\" sizes=\"auto, (max-width: 1024px) 100vw, 1024px\" \/><figcaption id=\"caption-attachment-17336\" class=\"wp-caption-text\">Pain\u00e9is de parede WPC: A escolha perfeita para exteriores residenciais.<\/figcaption><\/figure>\n<\/div>\n<div class=\"elementor-element elementor-element-1f676da elementor-widget elementor-widget-heading\" data-id=\"1f676da\" data-element_type=\"widget\" data-widget_type=\"heading.default\">\n<h3>Op\u00e7\u00f5es de cores do painel de parede em pvc retardante de chamas<\/h3>\n<figure id=\"attachment_20293\" aria-describedby=\"caption-attachment-20293\" style=\"width: 1024px\" class=\"wp-caption alignnone\"><img loading=\"lazy\" decoding=\"async\" class=\"wp-image-20293\" src=\"https:\/\/meterny.com\/wp-content\/uploads\/2024\/10\/METE-Series-Colour-151.png\" alt=\"Op\u00e7\u00f5es de cores da veda\u00e7\u00e3o Meterny WPC\" width=\"1024\" height=\"1024\" srcset=\"https:\/\/meterny.com\/wp-content\/uploads\/2024\/10\/METE-Series-Colour-151.png 900w, https:\/\/meterny.com\/wp-content\/uploads\/2024\/10\/METE-Series-Colour-151-300x300.png 300w, https:\/\/meterny.com\/wp-content\/uploads\/2024\/10\/METE-Series-Colour-151-150x150.png 150w, https:\/\/meterny.com\/wp-content\/uploads\/2024\/10\/METE-Series-Colour-151-768x768.png 768w, https:\/\/meterny.com\/wp-content\/uploads\/2024\/10\/METE-Series-Colour-151-600x600.png 600w, https:\/\/meterny.com\/wp-content\/uploads\/2024\/10\/METE-Series-Colour-151-100x100.png 100w\" sizes=\"auto, (max-width: 1024px) 100vw, 1024px\" \/><figcaption id=\"caption-attachment-20293\" class=\"wp-caption-text\">Explorar Veda\u00e7\u00e3o WPC Meterny - Nove op\u00e7\u00f5es de cores deslumbrantes para todos os estilos<\/figcaption><\/figure>\n<h3 class=\"\">Por que escolher o painel de parede de wpc retardante de chamas?<\/h3>\n<h4 class=\"\">1.\u00a0<strong class=\"\">Resist\u00eancia ao fogo<\/strong><\/h4>\n<div class=\"paragraph\">Os pain\u00e9is de parede WPC retardadores de chama s\u00e3o concebidos para se auto-extinguirem em caso de inc\u00eandio, proporcionando uma camada extra de seguran\u00e7a sem libertar gases t\u00f3xicos. Esta carater\u00edstica \u00e9 particularmente importante para edif\u00edcios p\u00fablicos e decora\u00e7\u00e3o de interiores, aumentando a seguran\u00e7a geral do espa\u00e7o.<\/div>\n<h4 class=\"\">2.\u00a0<strong class=\"\">Durabilidade e longevidade<\/strong><\/h4>\n<div class=\"paragraph\">Os pain\u00e9is de parede WPC retardadores de chama s\u00e3o conhecidos pela sua durabilidade excecional. S\u00e3o resistentes \u00e0 podrid\u00e3o, \u00e0 deteriora\u00e7\u00e3o e aos danos provocados por insectos, assegurando que as suas paredes mant\u00eam a sua integridade estrutural e o seu aspeto visual durante muitos anos. Os pain\u00e9is s\u00e3o fabricados a partir de uma combina\u00e7\u00e3o de fibras de madeira e termopl\u00e1sticos, oferecendo uma elevada resist\u00eancia e estabilidade dimensional.<\/div>\n<h4 class=\"\">3.\u00a0<strong class=\"\">Manuten\u00e7\u00e3o reduzida<\/strong><\/h4>\n<div class=\"paragraph\">Uma das principais vantagens do Painel de Parede em PVC Retardante de Chamas \u00e9 a sua baixa necessidade de manuten\u00e7\u00e3o. Ao contr\u00e1rio dos pain\u00e9is de madeira tradicionais, n\u00e3o requerem colora\u00e7\u00e3o, pintura ou selagem regular. A limpeza de rotina com \u00e1gua e sab\u00e3o suave \u00e9 normalmente suficiente para os manter com um aspeto impec\u00e1vel. Isto faz com que os pain\u00e9is de parede WPC sejam uma escolha pr\u00e1tica para os propriet\u00e1rios de casas e espa\u00e7os comerciais, poupando tempo e dinheiro em esfor\u00e7os de manuten\u00e7\u00e3o.<\/div>\n<h4 class=\"\">4.\u00a0<strong class=\"\">Apelo est\u00e9tico<\/strong><\/h4>\n<div class=\"paragraph\">Os pain\u00e9is de parede WPC retardadores de chama oferecem uma vasta gama de possibilidades de design, permitindo-lhe criar um espa\u00e7o cativante e personalizado. Com v\u00e1rias cores, texturas e acabamentos dispon\u00edveis, pode obter uma est\u00e9tica desejada, quer se trate de um aspeto moderno, r\u00fastico ou contempor\u00e2neo. Estes pain\u00e9is combinam sem esfor\u00e7o a beleza natural da madeira com a durabilidade e a versatilidade dos materiais comp\u00f3sitos, acrescentando calor e eleg\u00e2ncia a qualquer ambiente.<\/div>\n<h4 class=\"\">5.\u00a0<strong>Respeito pelo ambiente<\/strong><\/h4>\n<div class=\"paragraph\">Os pain\u00e9is de parede WPC retardadores de chama s\u00e3o uma alternativa ecol\u00f3gica aos pain\u00e9is de madeira tradicionais. S\u00e3o normalmente compostos por materiais reciclados, incluindo fibras de madeira e pl\u00e1stico reciclado. Ao escolher os pain\u00e9is de parede WPC, est\u00e1 a contribuir para pr\u00e1ticas sustent\u00e1veis, a reduzir a procura de madeira virgem e a ajudar a minimizar os res\u00edduos.<\/div>\n<div>\n<h3 class=\"\">Conclus\u00e3o<\/h3>\n<div class=\"paragraph\">Os pain\u00e9is de parede WPC retardadores de chama oferecem uma combina\u00e7\u00e3o de seguran\u00e7a, durabilidade, baixa manuten\u00e7\u00e3o, atra\u00e7\u00e3o est\u00e9tica e sustentabilidade ambiental. S\u00e3o uma excelente escolha para projectos residenciais e comerciais, proporcionando uma solu\u00e7\u00e3o duradoura e visualmente apelativa que cumpre as normas de constru\u00e7\u00e3o modernas e os objectivos ambientais.<\/div>\n<\/div>\n<\/div>","protected":false},"excerpt":{"rendered":"<p>Qualidade superior: Fabricado a partir de materiais de primeira qualidade, este painel exterior WPC oferece prote\u00e7\u00e3o contra os elementos.<\/p>\n<p>Design elegante: Eleve o exterior da sua propriedade com um revestimento elegante e moderno que complementa qualquer estilo arquitet\u00f3nico.<\/p>\n<p>F\u00e1cil instala\u00e7\u00e3o: Foi concebido para uma instala\u00e7\u00e3o sem complica\u00e7\u00f5es, poupando-lhe tempo e esfor\u00e7o.<\/p>\n<p>Vers\u00e1til: Quer seja para propriedades residenciais ou comerciais, este painel WPC \u00e9 perfeito para todas as aplica\u00e7\u00f5es de revestimento exterior.<\/p>\n<p>Amigo do ambiente: Fabricado a partir de materiais sustent\u00e1veis, \u00e9 a escolha ambientalmente consciente para as suas necessidades de design exterior.<\/p>","protected":false},"featured_media":20794,"comment_status":"open","ping_status":"closed","template":"","meta":{"_uag_custom_page_level_css":"","site-sidebar-layout":"default","site-content-layout":"","ast-site-content-layout":"default","site-content-style":"default","site-sidebar-style":"default","ast-global-header-display":"","ast-banner-title-visibility":"","ast-main-header-display":"","ast-hfb-above-header-display":"","ast-hfb-below-header-display":"","ast-hfb-mobile-header-display":"","site-post-title":"","ast-breadcrumbs-content":"","ast-featured-img":"","footer-sml-layout":"","theme-transparent-header-meta":"default","adv-header-id-meta":"","stick-header-meta":"default","header-above-stick-meta":"","header-main-stick-meta":"","header-below-stick-meta":"","astra-migrate-meta-layouts":"set","ast-page-background-enabled":"default","ast-page-background-meta":{"desktop":{"background-color":"var(--ast-global-color-4)","background-image":"","background-repeat":"repeat","background-position":"center center","background-size":"auto","background-attachment":"scroll","background-type":"","background-media":"","overlay-type":"","overlay-color":"","overlay-opacity":"","overlay-gradient":""},"tablet":{"background-color":"","background-image":"","background-repeat":"repeat","background-position":"center center","background-size":"auto","background-attachment":"scroll","background-type":"","background-media":"","overlay-type":"","overlay-color":"","overlay-opacity":"","overlay-gradient":""},"mobile":{"background-color":"","background-image":"","background-repeat":"repeat","background-position":"center center","background-size":"auto","background-attachment":"scroll","background-type":"","background-media":"","overlay-type":"","overlay-color":"","overlay-opacity":"","overlay-gradient":""}},"ast-content-background-meta":{"desktop":{"background-color":"var(--ast-global-color-5)","background-image":"","background-repeat":"repeat","background-position":"center center","background-size":"auto","background-attachment":"scroll","background-type":"","background-media":"","overlay-type":"","overlay-color":"","overlay-opacity":"","overlay-gradient":""},"tablet":{"background-color":"var(--ast-global-color-5)","background-image":"","background-repeat":"repeat","background-position":"center center","background-size":"auto","background-attachment":"scroll","background-type":"","background-media":"","overlay-type":"","overlay-color":"","overlay-opacity":"","overlay-gradient":""},"mobile":{"background-color":"var(--ast-global-color-5)","background-image":"","background-repeat":"repeat","background-position":"center center","background-size":"auto","background-attachment":"scroll","background-type":"","background-media":"","overlay-type":"","overlay-color":"","overlay-opacity":"","overlay-gradient":""}}},"product_brand":[],"product_cat":[175],"product_tag":[184,180],"class_list":{"0":"post-20835","1":"product","2":"type-product","3":"status-publish","4":"has-post-thumbnail","6":"product_cat-exterior-wpc-wall","7":"product_tag-wpc-wall-exterior","8":"product_tag-wpc-wall-panel","9":"desktop-align-center","10":"tablet-align-left","11":"mobile-align-left","12":"ast-product-gallery-layout-horizontal-slider","13":"ast-product-tabs-layout-vertical","15":"first","16":"instock","17":"shipping-taxable","18":"product-type-simple"},"uagb_featured_image_src":{"full":["https:\/\/meterny.com\/wp-content\/uploads\/2024\/04\/227H25-Rose-Wood1-300x300-2.png",300,300,false],"thumbnail":["https:\/\/meterny.com\/wp-content\/uploads\/2024\/04\/227H25-Rose-Wood1-300x300-2-150x150.png",150,150,true],"medium":["https:\/\/meterny.com\/wp-content\/uploads\/2024\/04\/227H25-Rose-Wood1-300x300-2.png",300,300,false],"medium_large":["https:\/\/meterny.com\/wp-content\/uploads\/2024\/04\/227H25-Rose-Wood1-300x300-2.png",300,300,false],"large":["https:\/\/meterny.com\/wp-content\/uploads\/2024\/04\/227H25-Rose-Wood1-300x300-2.png",300,300,false],"1536x1536":["https:\/\/meterny.com\/wp-content\/uploads\/2024\/04\/227H25-Rose-Wood1-300x300-2.png",300,300,false],"2048x2048":["https:\/\/meterny.com\/wp-content\/uploads\/2024\/04\/227H25-Rose-Wood1-300x300-2.png",300,300,false],"trp-custom-language-flag":["https:\/\/meterny.com\/wp-content\/uploads\/2024\/04\/227H25-Rose-Wood1-300x300-2.png",12,12,false],"woocommerce_thumbnail":["https:\/\/meterny.com\/wp-content\/uploads\/2024\/04\/227H25-Rose-Wood1-300x300-2.png",300,300,false],"woocommerce_single":["https:\/\/meterny.com\/wp-content\/uploads\/2024\/04\/227H25-Rose-Wood1-300x300-2.png",300,300,false],"woocommerce_gallery_thumbnail":["https:\/\/meterny.com\/wp-content\/uploads\/2024\/04\/227H25-Rose-Wood1-300x300-2-100x100.png",100,100,true]},"uagb_author_info":{"display_name":"meterny","author_link":"https:\/\/meterny.com\/pt\/author\/"},"uagb_comment_info":0,"uagb_excerpt":"Superior Quality: Crafted from premium materials, this WPC Exterior panel offers protection against the elements. Stylish Design: Elevate the exterior of your property with sleek and modern cladding that complements any architectural style. Easy Installation: It is designed for hassle-free installation, saving you time and effort. Versatile: Whether it's for residential or commercial properties, This&hellip;","_links":{"self":[{"href":"https:\/\/meterny.com\/pt\/wp-json\/wp\/v2\/product\/20835","targetHints":{"allow":["GET"]}}],"collection":[{"href":"https:\/\/meterny.com\/pt\/wp-json\/wp\/v2\/product"}],"about":[{"href":"https:\/\/meterny.com\/pt\/wp-json\/wp\/v2\/types\/product"}],"replies":[{"embeddable":true,"href":"https:\/\/meterny.com\/pt\/wp-json\/wp\/v2\/comments?post=20835"}],"wp:featuredmedia":[{"embeddable":true,"href":"https:\/\/meterny.com\/pt\/wp-json\/wp\/v2\/media\/20794"}],"wp:attachment":[{"href":"https:\/\/meterny.com\/pt\/wp-json\/wp\/v2\/media?parent=20835"}],"wp:term":[{"taxonomy":"product_brand","embeddable":true,"href":"https:\/\/meterny.com\/pt\/wp-json\/wp\/v2\/product_brand?post=20835"},{"taxonomy":"product_cat","embeddable":true,"href":"https:\/\/meterny.com\/pt\/wp-json\/wp\/v2\/product_cat?post=20835"},{"taxonomy":"product_tag","embeddable":true,"href":"https:\/\/meterny.com\/pt\/wp-json\/wp\/v2\/product_tag?post=20835"}],"curies":[{"name":"wp","href":"https:\/\/api.w.org\/{rel}","templated":true}]}}