{"id":20852,"date":"2025-01-10T12:45:42","date_gmt":"2025-01-10T12:45:42","guid":{"rendered":"https:\/\/meterny.com\/?post_type=product&#038;p=20852"},"modified":"2025-01-11T09:42:33","modified_gmt":"2025-01-11T09:42:33","slug":"outdoor-wpc-wall-panel-for-patio-design","status":"publish","type":"product","link":"https:\/\/meterny.com\/pt\/produto\/outdoor-wpc-wall-panel-for-patio-design\/","title":{"rendered":"Painel de parede exterior WPC para design de p\u00e1tio"},"content":{"rendered":"<div class=\"elementor-element elementor-element-c0e1d42 elementor-widget elementor-widget-heading\" data-id=\"c0e1d42\" data-element_type=\"widget\" data-widget_type=\"heading.default\">\n<h2 class=\"elementor-widget-container\" style=\"text-align: center;\">Painel de parede exterior WPC para design de p\u00e1tio<\/h2>\n<p>&nbsp;<\/p>\n<\/div>\n<div class=\"elementor-element elementor-element-1f676da elementor-widget elementor-widget-heading\" data-id=\"1f676da\" data-element_type=\"widget\" data-widget_type=\"heading.default\">\n<h4>Nome do produto<\/h4>\n<p>Painel de parede exterior WPC para design de p\u00e1tio<\/p>\n<p><strong style=\"font-size: 1.5em;\">Especifica\u00e7\u00f5es do produto<\/strong><span style=\"font-size: 1.5em; font-weight: bold;\">:<\/span><\/p>\n<ul>\n<li><strong>Material<\/strong>: Comp\u00f3sito de madeira e pl\u00e1stico (WPC)<\/li>\n<li><strong>Dimens\u00f5es<\/strong>: 135*119*23mm\/217*201*28mm\/227*210*25mm, com personaliza\u00e7\u00e3o dispon\u00edvel de acordo com os requisitos do cliente.<\/li>\n<li><strong>Espessura<\/strong>: 23\/25\/28mm<\/li>\n<li><strong>Peso<\/strong>: 3kg\/metro<\/li>\n<li><strong>Op\u00e7\u00f5es de cores<\/strong>: Dispon\u00edvel numa variedade de cores como o pau-rosa, o caf\u00e9, o cinzento claro, o castanho, o preto, etc., com diferentes texturas como o gr\u00e3o de madeira, o papel de parede, o m\u00e1rmore, etc.<\/li>\n<li><strong>Op\u00e7\u00f5es de acabamento<\/strong>: As op\u00e7\u00f5es incluem acabamentos em relevo, escovados, tridimensionais e acabamentos lisos para imitar a textura natural da madeira.<\/li>\n<li><strong>Material<\/strong>: Composto de madeira-pl\u00e1stico (WPC) de alta qualidade feito de uma mistura de fibras de madeira e materiais termopl\u00e1sticos (como HDPE, PVC, PP)<\/li>\n<li><strong>M\u00e9todo de instala\u00e7\u00e3o<\/strong>: macho e f\u00eamea, sistema de clipes, etc.<\/li>\n<li><strong>Garantia<\/strong>: mais de 10 anos<\/li>\n<\/ul>\n<h4>Material do produto<\/h4>\n<p>Os pain\u00e9is de parede WPC (Wood Plastic Composite) s\u00e3o feitos de uma mistura de fibras de madeira ou farinha de madeira e materiais termopl\u00e1sticos (como HDPE, PVC, PP, etc.). Este material comp\u00f3sito combina a est\u00e9tica natural da madeira com a durabilidade do pl\u00e1stico, oferecendo uma solu\u00e7\u00e3o de constru\u00e7\u00e3o ecol\u00f3gica e de alto desempenho.<\/p>\n<h4>Carater\u00edsticas do produto<\/h4>\n<ul>\n<li><strong>Durabilidade<\/strong>: Concebidos para resistir a condi\u00e7\u00f5es climat\u00e9ricas adversas, incluindo chuva intensa, ventos fortes e temperaturas extremas. Os pain\u00e9is de parede WPC para exterior para o design de p\u00e1tios s\u00e3o resistentes \u00e0 deforma\u00e7\u00e3o, ao incha\u00e7o e ao crescimento de bolor.<\/li>\n<li><strong>Manuten\u00e7\u00e3o reduzida<\/strong>: Ao contr\u00e1rio da madeira tradicional, os pain\u00e9is de parede WPC para exterior para o design do p\u00e1tio n\u00e3o requerem pintura, colora\u00e7\u00e3o ou selagem. Podem ser facilmente limpos com \u00e1gua e sab\u00e3o neutro, poupando-lhe tempo e esfor\u00e7o.<\/li>\n<li><strong>Apelo est\u00e9tico<\/strong>: Oferece uma vasta gama de cores e texturas que podem real\u00e7ar a beleza do seu p\u00e1tio. O acabamento em madeira natural confere calor e eleg\u00e2ncia a qualquer espa\u00e7o exterior.<\/li>\n<li><strong>Respeito pelo ambiente<\/strong>: Fabricados a partir de materiais reciclados, os pain\u00e9is de parede WPC para exterior para o design de p\u00e1tios s\u00e3o uma escolha ecol\u00f3gica que apoia pr\u00e1ticas sustent\u00e1veis.<\/li>\n<li><strong>Resist\u00eancia ao impacto<\/strong>: Resistentes aos choques e aos riscos, s\u00e3o ideais para as zonas de tr\u00e1fego intenso e para os ambientes onde a durabilidade \u00e9 essencial.<\/li>\n<li><strong>Resist\u00eancia aos raios UV<\/strong>: Protegidos contra os raios UV, os pain\u00e9is n\u00e3o se desvanecem nem se degradam com o tempo, mantendo o seu aspeto durante muitos anos.<\/li>\n<li><strong>\u00c0 prova de \u00e1gua<\/strong>: Totalmente \u00e0 prova de \u00e1gua, o que os torna perfeitos para p\u00e1tios e outras \u00e1reas exteriores onde a humidade \u00e9 uma preocupa\u00e7\u00e3o.<\/li>\n<\/ul>\n<h4>Cen\u00e1rios de aplica\u00e7\u00e3o<\/h4>\n<ul>\n<li><strong>Paredes de p\u00e1tio<\/strong>: Ideal para criar paredes de p\u00e1tio bonitas e funcionais que acrescentam privacidade e estilo ao seu espa\u00e7o de vida ao ar livre.<\/li>\n<li><strong>Veda\u00e7\u00f5es de jardim<\/strong>: Perfeito para a veda\u00e7\u00e3o de jardins, proporcionando uma solu\u00e7\u00e3o duradoura e de baixa manuten\u00e7\u00e3o que melhora o aspeto est\u00e9tico do seu jardim.<\/li>\n<li><strong>Salas exteriores<\/strong>: Adequado para salas exteriores, criando um espa\u00e7o acolhedor e convidativo que se mistura perfeitamente com o seu ambiente natural.<\/li>\n<li><strong>\u00c1reas de piscina<\/strong>: Ideal para as zonas de piscina, onde as suas propriedades de impermeabilidade e de resist\u00eancia aos raios UV garantem a sua beleza e funcionalidade.<\/li>\n<\/ul>\n<h4>Guia de instala\u00e7\u00e3o<\/h4>\n<ul>\n<li><strong>Prepara\u00e7\u00e3o da superf\u00edcie<\/strong>: Certifique-se de que a superf\u00edcie est\u00e1 limpa, seca e nivelada. Para os p\u00e1tios, recomenda-se uma base s\u00f3lida de bet\u00e3o ou madeira.<\/li>\n<li><strong>M\u00e9todo de instala\u00e7\u00e3o<\/strong>: Os pain\u00e9is de parede WPC para exterior para o design do p\u00e1tio podem ser instalados atrav\u00e9s de uma variedade de m\u00e9todos, incluindo adesivos, parafusos ou sistemas de encaixe. Siga as instru\u00e7\u00f5es do fabricante para obter os melhores resultados.<\/li>\n<li><strong>Veda\u00e7\u00e3o<\/strong>: Embora os pain\u00e9is de parede WPC para exterior para o design de p\u00e1tios sejam de baixa manuten\u00e7\u00e3o, a aplica\u00e7\u00e3o de um vedante protetor pode aumentar a sua durabilidade e resist\u00eancia \u00e0s condi\u00e7\u00f5es climat\u00e9ricas.<\/li>\n<\/ul>\n<h4>Conselhos de manuten\u00e7\u00e3o<\/h4>\n<ul>\n<li><strong>Limpeza regular<\/strong>: Limpe regularmente os pain\u00e9is com \u00e1gua e sab\u00e3o neutro para remover a sujidade e os detritos.<\/li>\n<li><strong>Evitar produtos qu\u00edmicos agressivos<\/strong>: Evitar a utiliza\u00e7\u00e3o de produtos qu\u00edmicos agressivos ou de produtos de limpeza abrasivos, pois podem danificar a superf\u00edcie dos pain\u00e9is.<\/li>\n<li><strong>Inspe\u00e7\u00e3o de danos<\/strong>: Inspecionar periodicamente os pain\u00e9is para detetar quaisquer sinais de danos e resolver prontamente quaisquer problemas.<\/li>\n<\/ul>\n<h4>Informa\u00e7\u00f5es sobre o mercado<\/h4>\n<ul>\n<li><strong>Crescimento da procura<\/strong>: O mercado do painel de parede exterior WPC para o design de p\u00e1tios est\u00e1 a crescer rapidamente, impulsionado pela procura crescente de materiais de constru\u00e7\u00e3o duradouros, de baixa manuten\u00e7\u00e3o e amigos do ambiente.<\/li>\n<li><strong>Sustentabilidade<\/strong>: Os consumidores procuram cada vez mais op\u00e7\u00f5es sustent\u00e1veis e amigas do ambiente para os seus projectos de melhoramento da casa, tornando o painel de parede exterior WPC para o design do p\u00e1tio uma escolha atractiva.<\/li>\n<\/ul>\n<h4>Guia de instala\u00e7\u00e3o<\/h4>\n<ul>\n<li><strong>Prepara\u00e7\u00e3o da superf\u00edcie<\/strong>: Assegurar que a parede est\u00e1 limpa, seca e lisa.<\/li>\n<li><strong>M\u00e9todo de instala\u00e7\u00e3o<\/strong>: Siga as instru\u00e7\u00f5es do fabricante para a instala\u00e7\u00e3o utilizando colas, fixadores ou sistemas de encaixe adequados. A consulta de um profissional ou de um instalador experiente pode garantir uma instala\u00e7\u00e3o perfeita e duradoura.<\/li>\n<\/ul>\n<h3>Galeria<\/h3>\n<figure id=\"attachment_20841\" aria-describedby=\"caption-attachment-20841\" style=\"width: 1024px\" class=\"wp-caption alignnone\"><img loading=\"lazy\" decoding=\"async\" class=\"wp-image-20841\" src=\"https:\/\/meterny.com\/wp-content\/uploads\/2025\/01\/75-136-scaled.jpg\" alt=\"Painel de parede exterior WPC para veda\u00e7\u00e3o de jardim\" width=\"1024\" height=\"1024\" srcset=\"https:\/\/meterny.com\/wp-content\/uploads\/2025\/01\/75-136-scaled.jpg 2560w, https:\/\/meterny.com\/wp-content\/uploads\/2025\/01\/75-136-300x300.jpg 300w, https:\/\/meterny.com\/wp-content\/uploads\/2025\/01\/75-136-1024x1024.jpg 1024w, https:\/\/meterny.com\/wp-content\/uploads\/2025\/01\/75-136-150x150.jpg 150w, https:\/\/meterny.com\/wp-content\/uploads\/2025\/01\/75-136-768x768.jpg 768w, https:\/\/meterny.com\/wp-content\/uploads\/2025\/01\/75-136-1536x1536.jpg 1536w, https:\/\/meterny.com\/wp-content\/uploads\/2025\/01\/75-136-2048x2048.jpg 2048w, https:\/\/meterny.com\/wp-content\/uploads\/2025\/01\/75-136-600x600.jpg 600w, https:\/\/meterny.com\/wp-content\/uploads\/2025\/01\/75-136-100x100.jpg 100w\" sizes=\"auto, (max-width: 1024px) 100vw, 1024px\" \/><figcaption id=\"caption-attachment-20841\" class=\"wp-caption-text\">Painel de parede exterior WPC: Criar um jardim privado e elegante com veda\u00e7\u00f5es duradouras<\/figcaption><\/figure>\n<figure id=\"attachment_20840\" aria-describedby=\"caption-attachment-20840\" style=\"width: 1024px\" class=\"wp-caption alignnone\"><img loading=\"lazy\" decoding=\"async\" class=\"wp-image-20840\" src=\"https:\/\/meterny.com\/wp-content\/uploads\/2025\/01\/75-106.png\" alt=\"Painel de parede WPC cinzento para espa\u00e7os comerciais\" width=\"1024\" height=\"1024\" srcset=\"https:\/\/meterny.com\/wp-content\/uploads\/2025\/01\/75-106.png 595w, https:\/\/meterny.com\/wp-content\/uploads\/2025\/01\/75-106-300x300.png 300w, https:\/\/meterny.com\/wp-content\/uploads\/2025\/01\/75-106-150x150.png 150w, https:\/\/meterny.com\/wp-content\/uploads\/2025\/01\/75-106-100x100.png 100w\" sizes=\"auto, (max-width: 1024px) 100vw, 1024px\" \/><figcaption id=\"caption-attachment-20840\" class=\"wp-caption-text\">Painel de parede WPC cinzento: Melhore o seu espa\u00e7o comercial com um revestimento dur\u00e1vel e elegante<\/figcaption><\/figure>\n<h3>Para saber mais pormenores, clique na liga\u00e7\u00e3o para o youtube: <a href=\"https:\/\/youtu.be\/cW7s-_V3i-o\" target=\"_blank\" rel=\"noopener\">https:\/\/youtu.be\/cW7s-_V3i-o<\/a><\/h3>\n<p>&nbsp;<\/p>\n<\/div>\n<div class=\"elementor-element elementor-element-1f676da elementor-widget elementor-widget-heading\" data-id=\"1f676da\" data-element_type=\"widget\" data-widget_type=\"heading.default\">\n<h3>Op\u00e7\u00f5es de cores<\/h3>\n<p>&nbsp;<\/p>\n<figure id=\"attachment_20293\" aria-describedby=\"caption-attachment-20293\" style=\"width: 1024px\" class=\"wp-caption alignnone\"><img loading=\"lazy\" decoding=\"async\" class=\"wp-image-20293\" src=\"https:\/\/meterny.com\/wp-content\/uploads\/2024\/10\/METE-Series-Colour-151.png\" alt=\"Op\u00e7\u00f5es de cores da veda\u00e7\u00e3o Meterny WPC\" width=\"1024\" height=\"1024\" srcset=\"https:\/\/meterny.com\/wp-content\/uploads\/2024\/10\/METE-Series-Colour-151.png 900w, https:\/\/meterny.com\/wp-content\/uploads\/2024\/10\/METE-Series-Colour-151-300x300.png 300w, https:\/\/meterny.com\/wp-content\/uploads\/2024\/10\/METE-Series-Colour-151-150x150.png 150w, https:\/\/meterny.com\/wp-content\/uploads\/2024\/10\/METE-Series-Colour-151-768x768.png 768w, https:\/\/meterny.com\/wp-content\/uploads\/2024\/10\/METE-Series-Colour-151-600x600.png 600w, https:\/\/meterny.com\/wp-content\/uploads\/2024\/10\/METE-Series-Colour-151-100x100.png 100w\" sizes=\"auto, (max-width: 1024px) 100vw, 1024px\" \/><figcaption id=\"caption-attachment-20293\" class=\"wp-caption-text\">Explorar Veda\u00e7\u00e3o WPC Meterny - Nove op\u00e7\u00f5es de cores deslumbrantes para todos os estilos<\/figcaption><\/figure>\n<h3>Porqu\u00ea escolher os nossos pain\u00e9is de parede WPC para exterior para o design do p\u00e1tio?<\/h3>\n<h4>1.\u00a0<strong>Durabilidade e longevidade<\/strong><\/h4>\n<p>Os nossos pain\u00e9is de parede WPC para exterior foram concebidos para resistir ao teste do tempo. Fabricados a partir de uma combina\u00e7\u00e3o de fibras de madeira e termopl\u00e1sticos, oferecem uma resist\u00eancia e estabilidade dimensional excepcionais. S\u00e3o resistentes \u00e0 podrid\u00e3o, \u00e0 deteriora\u00e7\u00e3o e aos danos causados por insectos, assegurando que as paredes do seu p\u00e1tio mant\u00eam a sua integridade estrutural e o seu aspeto visual durante muitos anos.<\/p>\n<h4>2.\u00a0<strong>Manuten\u00e7\u00e3o reduzida<\/strong><\/h4>\n<p>Uma das principais vantagens do nosso painel de parede exterior WPC para o design do p\u00e1tio \u00e9 a sua baixa necessidade de manuten\u00e7\u00e3o. Ao contr\u00e1rio dos pain\u00e9is de madeira tradicionais, n\u00e3o requerem colora\u00e7\u00e3o, pintura ou selagem regular. A limpeza de rotina com \u00e1gua e sab\u00e3o suave \u00e9 normalmente suficiente para os manter com um aspeto impec\u00e1vel. Isto torna-os uma escolha pr\u00e1tica para os propriet\u00e1rios de casas, poupando tempo e dinheiro em esfor\u00e7os de manuten\u00e7\u00e3o.<\/p>\n<h4>3.\u00a0<strong>Apelo est\u00e9tico<\/strong><\/h4>\n<p>Os nossos pain\u00e9is de parede WPC oferecem uma vasta gama de possibilidades de design, permitindo-lhe criar um espa\u00e7o de p\u00e1tio cativante e personalizado. Com v\u00e1rias cores, texturas e acabamentos dispon\u00edveis, pode obter uma est\u00e9tica desejada, quer se trate de um aspeto moderno, r\u00fastico ou contempor\u00e2neo. Estes pain\u00e9is combinam, sem esfor\u00e7o, a beleza natural da madeira com a durabilidade e a versatilidade dos materiais comp\u00f3sitos, acrescentando calor e eleg\u00e2ncia a qualquer ambiente.<\/p>\n<h4>4.\u00a0<strong>Sustentabilidade ambiental<\/strong><\/h4>\n<p>O nosso painel de parede exterior WPC para design de p\u00e1tio \u00e9 uma alternativa ecol\u00f3gica aos pain\u00e9is de madeira tradicionais. S\u00e3o normalmente compostos por materiais reciclados, incluindo fibras de madeira e pl\u00e1stico reciclado. Ao escolher os nossos pain\u00e9is murais WPC, est\u00e1 a contribuir para pr\u00e1ticas sustent\u00e1veis, a reduzir a procura de madeira virgem e a ajudar a minimizar os res\u00edduos.<\/p>\n<h4>5.\u00a0<strong>Resist\u00eancia \u00e0 humidade e \u00e0s intemp\u00e9ries<\/strong><\/h4>\n<p>O nosso painel de parede exterior WPC para design de p\u00e1tio foi concebido para resistir \u00e0 humidade e \u00e0s condi\u00e7\u00f5es climat\u00e9ricas adversas, tornando-o adequado para aplica\u00e7\u00f5es interiores e exteriores. S\u00e3o resistentes \u00e0 deforma\u00e7\u00e3o, ao incha\u00e7o e ao crescimento de bolor, garantindo uma superf\u00edcie de parede duradoura e visualmente apelativa, mesmo em ambientes h\u00famidos.<\/p>\n<h4>6.\u00a0<strong>Instala\u00e7\u00e3o f\u00e1cil<\/strong><\/h4>\n<p>O nosso Painel de Parede Exterior WPC para Design de P\u00e1tio \u00e9 leve e f\u00e1cil de manusear, tornando-o mais r\u00e1pido de instalar. Os tipos antigos de instala\u00e7\u00f5es com grandes materiais f\u00edsicos podem ser tediosos e demorados, enquanto o nosso Painel de Parede Exterior WPC para Design de P\u00e1tio pode ser montado normalmente com pouco equipamento e profici\u00eancia m\u00ednima. Os procedimentos de montagem f\u00e1ceis de seguir permitem que esses pain\u00e9is minimizem as despesas de m\u00e3o de obra e ajudem a concluir o trabalho dentro do prazo sem sacrificar a qualidade.<\/p>\n<h4>7.\u00a0<strong>Isolamento ac\u00fastico e t\u00e9rmico<\/strong><\/h4>\n<p>O nosso Painel de Parede Exterior WPC para Design de P\u00e1tio oferece excelentes propriedades de isolamento ac\u00fastico, tornando-o ideal para espa\u00e7os que requerem redu\u00e7\u00e3o de ru\u00eddo, como p\u00e1tios e \u00e1reas de estar ao ar livre. As suas capacidades de isolamento t\u00e9rmico tamb\u00e9m ajudam a manter temperaturas interiores confort\u00e1veis, reduzindo potencialmente os custos de energia.<\/p>\n<h4>8.\u00a0<strong>Resist\u00eancia aos factores ambientais<\/strong><\/h4>\n<p>Estes pain\u00e9is foram concebidos para resistir a v\u00e1rios desafios ambientais, incluindo a humidade, os raios UV e as flutua\u00e7\u00f5es de temperatura. Esta resist\u00eancia garante que permanecem dur\u00e1veis e atractivos, mesmo em condi\u00e7\u00f5es adversas. Quer sejam utilizados em casas de banho h\u00famidas, exteriores ensolarados ou climas frios, os pain\u00e9is WPC mant\u00eam o seu desempenho e aspeto, o que os torna uma escolha fi\u00e1vel para qualquer ambiente.<\/p>\n<h4>9.\u00a0<strong>Custo-efic\u00e1cia<\/strong><\/h4>\n<p>Embora o custo inicial do painel de parede exterior WPC para o design do p\u00e1tio possa ser ligeiramente superior ao dos materiais tradicionais como a madeira, os seus benef\u00edcios a longo prazo ultrapassam o investimento inicial. A redu\u00e7\u00e3o dos custos de manuten\u00e7\u00e3o, o prolongamento da vida \u00fatil e a efici\u00eancia energ\u00e9tica contribuem para uma boa rela\u00e7\u00e3o custo-efic\u00e1cia global.<\/p>\n<h4>10.\u00a0<strong>Resist\u00eancia ao impacto<\/strong><\/h4>\n<p>O nosso painel de parede exterior WPC para design de p\u00e1tio \u00e9 resistente a impactos e riscos, o que o torna adequado para \u00e1reas de tr\u00e1fego intenso ou ambientes onde a durabilidade \u00e9 crucial. Esta carater\u00edstica garante que os pain\u00e9is mant\u00eam a sua apar\u00eancia e integridade estrutural mesmo com o desgaste di\u00e1rio.<\/p>\n<h3>Conclus\u00e3o<\/h3>\n<p class=\"last-node\">O nosso painel de parede exterior WPC para design de p\u00e1tio oferece uma combina\u00e7\u00e3o de versatilidade, durabilidade, baixa manuten\u00e7\u00e3o e sustentabilidade ambiental. S\u00e3o uma excelente escolha para projectos residenciais e comerciais, proporcionando uma solu\u00e7\u00e3o duradoura e visualmente apelativa que cumpre as normas de constru\u00e7\u00e3o modernas e os objectivos ambientais. Ao escolher o nosso painel de parede exterior WPC para o design do p\u00e1tio, n\u00e3o s\u00f3 melhora os aspectos est\u00e9ticos e funcionais do seu p\u00e1tio, como tamb\u00e9m apoia pr\u00e1ticas sustent\u00e1veis. Transforme o seu espa\u00e7o exterior com a eleg\u00e2ncia e a durabilidade do nosso painel de parede exterior em WPC para o design de p\u00e1tios<\/p>\n<div>\n<div class=\"paragraph\"><\/div>\n<\/div>\n<\/div>","protected":false},"excerpt":{"rendered":"<p>Qualidade superior: Fabricado a partir de materiais de primeira qualidade, este painel exterior WPC oferece prote\u00e7\u00e3o contra os elementos.<\/p>\n<p>Design elegante: Eleve o exterior da sua propriedade com um revestimento elegante e moderno que complementa qualquer estilo arquitet\u00f3nico.<\/p>\n<p>F\u00e1cil instala\u00e7\u00e3o: Foi concebido para uma instala\u00e7\u00e3o sem complica\u00e7\u00f5es, poupando-lhe tempo e esfor\u00e7o.<\/p>\n<p>Vers\u00e1til: Quer seja para propriedades residenciais ou comerciais, este painel WPC \u00e9 perfeito para todas as aplica\u00e7\u00f5es de revestimento exterior.<\/p>\n<p>Amigo do ambiente: Fabricado a partir de materiais sustent\u00e1veis, \u00e9 a escolha ambientalmente consciente para as suas necessidades de design exterior.<\/p>","protected":false},"featured_media":20843,"comment_status":"open","ping_status":"closed","template":"","meta":{"_uag_custom_page_level_css":"","site-sidebar-layout":"default","site-content-layout":"","ast-site-content-layout":"default","site-content-style":"default","site-sidebar-style":"default","ast-global-header-display":"","ast-banner-title-visibility":"","ast-main-header-display":"","ast-hfb-above-header-display":"","ast-hfb-below-header-display":"","ast-hfb-mobile-header-display":"","site-post-title":"","ast-breadcrumbs-content":"","ast-featured-img":"","footer-sml-layout":"","theme-transparent-header-meta":"default","adv-header-id-meta":"","stick-header-meta":"default","header-above-stick-meta":"","header-main-stick-meta":"","header-below-stick-meta":"","astra-migrate-meta-layouts":"set","ast-page-background-enabled":"default","ast-page-background-meta":{"desktop":{"background-color":"var(--ast-global-color-4)","background-image":"","background-repeat":"repeat","background-position":"center center","background-size":"auto","background-attachment":"scroll","background-type":"","background-media":"","overlay-type":"","overlay-color":"","overlay-opacity":"","overlay-gradient":""},"tablet":{"background-color":"","background-image":"","background-repeat":"repeat","background-position":"center center","background-size":"auto","background-attachment":"scroll","background-type":"","background-media":"","overlay-type":"","overlay-color":"","overlay-opacity":"","overlay-gradient":""},"mobile":{"background-color":"","background-image":"","background-repeat":"repeat","background-position":"center center","background-size":"auto","background-attachment":"scroll","background-type":"","background-media":"","overlay-type":"","overlay-color":"","overlay-opacity":"","overlay-gradient":""}},"ast-content-background-meta":{"desktop":{"background-color":"var(--ast-global-color-5)","background-image":"","background-repeat":"repeat","background-position":"center center","background-size":"auto","background-attachment":"scroll","background-type":"","background-media":"","overlay-type":"","overlay-color":"","overlay-opacity":"","overlay-gradient":""},"tablet":{"background-color":"var(--ast-global-color-5)","background-image":"","background-repeat":"repeat","background-position":"center center","background-size":"auto","background-attachment":"scroll","background-type":"","background-media":"","overlay-type":"","overlay-color":"","overlay-opacity":"","overlay-gradient":""},"mobile":{"background-color":"var(--ast-global-color-5)","background-image":"","background-repeat":"repeat","background-position":"center center","background-size":"auto","background-attachment":"scroll","background-type":"","background-media":"","overlay-type":"","overlay-color":"","overlay-opacity":"","overlay-gradient":""}}},"product_brand":[],"product_cat":[175],"product_tag":[184,180],"class_list":{"0":"post-20852","1":"product","2":"type-product","3":"status-publish","4":"has-post-thumbnail","6":"product_cat-exterior-wpc-wall","7":"product_tag-wpc-wall-exterior","8":"product_tag-wpc-wall-panel","9":"desktop-align-center","10":"tablet-align-left","11":"mobile-align-left","12":"ast-product-gallery-layout-horizontal-slider","13":"ast-product-tabs-layout-vertical","15":"first","16":"instock","17":"shipping-taxable","18":"product-type-simple"},"uagb_featured_image_src":{"full":["https:\/\/meterny.com\/wp-content\/uploads\/2025\/01\/\u4e3b\u56fe5.jpg",900,900,false],"thumbnail":["https:\/\/meterny.com\/wp-content\/uploads\/2025\/01\/\u4e3b\u56fe5-150x150.jpg",150,150,true],"medium":["https:\/\/meterny.com\/wp-content\/uploads\/2025\/01\/\u4e3b\u56fe5-300x300.jpg",300,300,true],"medium_large":["https:\/\/meterny.com\/wp-content\/uploads\/2025\/01\/\u4e3b\u56fe5-768x768.jpg",768,768,true],"large":["https:\/\/meterny.com\/wp-content\/uploads\/2025\/01\/\u4e3b\u56fe5.jpg",900,900,false],"1536x1536":["https:\/\/meterny.com\/wp-content\/uploads\/2025\/01\/\u4e3b\u56fe5.jpg",900,900,false],"2048x2048":["https:\/\/meterny.com\/wp-content\/uploads\/2025\/01\/\u4e3b\u56fe5.jpg",900,900,false],"trp-custom-language-flag":["https:\/\/meterny.com\/wp-content\/uploads\/2025\/01\/\u4e3b\u56fe5.jpg",12,12,false],"woocommerce_thumbnail":["https:\/\/meterny.com\/wp-content\/uploads\/2025\/01\/\u4e3b\u56fe5-300x300.jpg",300,300,true],"woocommerce_single":["https:\/\/meterny.com\/wp-content\/uploads\/2025\/01\/\u4e3b\u56fe5-600x600.jpg",600,600,true],"woocommerce_gallery_thumbnail":["https:\/\/meterny.com\/wp-content\/uploads\/2025\/01\/\u4e3b\u56fe5-100x100.jpg",100,100,true]},"uagb_author_info":{"display_name":"meterny","author_link":"https:\/\/meterny.com\/pt\/author\/"},"uagb_comment_info":0,"uagb_excerpt":"Superior Quality: Crafted from premium materials, this WPC Exterior panel offers protection against the elements. Stylish Design: Elevate the exterior of your property with sleek and modern cladding that complements any architectural style. Easy Installation: It is designed for hassle-free installation, saving you time and effort. Versatile: Whether it's for residential or commercial properties, This&hellip;","_links":{"self":[{"href":"https:\/\/meterny.com\/pt\/wp-json\/wp\/v2\/product\/20852","targetHints":{"allow":["GET"]}}],"collection":[{"href":"https:\/\/meterny.com\/pt\/wp-json\/wp\/v2\/product"}],"about":[{"href":"https:\/\/meterny.com\/pt\/wp-json\/wp\/v2\/types\/product"}],"replies":[{"embeddable":true,"href":"https:\/\/meterny.com\/pt\/wp-json\/wp\/v2\/comments?post=20852"}],"wp:featuredmedia":[{"embeddable":true,"href":"https:\/\/meterny.com\/pt\/wp-json\/wp\/v2\/media\/20843"}],"wp:attachment":[{"href":"https:\/\/meterny.com\/pt\/wp-json\/wp\/v2\/media?parent=20852"}],"wp:term":[{"taxonomy":"product_brand","embeddable":true,"href":"https:\/\/meterny.com\/pt\/wp-json\/wp\/v2\/product_brand?post=20852"},{"taxonomy":"product_cat","embeddable":true,"href":"https:\/\/meterny.com\/pt\/wp-json\/wp\/v2\/product_cat?post=20852"},{"taxonomy":"product_tag","embeddable":true,"href":"https:\/\/meterny.com\/pt\/wp-json\/wp\/v2\/product_tag?post=20852"}],"curies":[{"name":"wp","href":"https:\/\/api.w.org\/{rel}","templated":true}]}}