{"id":21000,"date":"2025-01-14T07:34:48","date_gmt":"2025-01-14T07:34:48","guid":{"rendered":"https:\/\/meterny.com\/?post_type=product&#038;p=21000"},"modified":"2025-01-14T07:59:00","modified_gmt":"2025-01-14T07:59:00","slug":"fire-retardant-outdoor-wpc-wall-panels","status":"publish","type":"product","link":"https:\/\/meterny.com\/pt\/produto\/fire-retardant-outdoor-wpc-wall-panels\/","title":{"rendered":"Pain\u00e9is de parede WPC para exterior com retardador de fogo"},"content":{"rendered":"<div class=\"elementor-element elementor-element-c0e1d42 elementor-widget elementor-widget-heading\" data-id=\"c0e1d42\" data-element_type=\"widget\" data-widget_type=\"heading.default\">\n<h2 style=\"text-align: center;\">Pain\u00e9is de parede WPC para exterior com retardador de fogo<\/h2>\n<p>&nbsp;<\/p>\n<h2>Vis\u00e3o geral do produto<\/h2>\n<p>Os pain\u00e9is de parede WPC para exterior ign\u00edfugos foram concebidos para proporcionar um aspeto est\u00e9tico e uma maior seguran\u00e7a aos seus espa\u00e7os exteriores. Estes pain\u00e9is s\u00e3o fabricados a partir de uma combina\u00e7\u00e3o de fibras de madeira e pol\u00edmeros termopl\u00e1sticos, oferecendo uma apar\u00eancia natural semelhante \u00e0 da madeira e cumprindo simultaneamente normas rigorosas de seguran\u00e7a contra inc\u00eandios. S\u00e3o uma escolha ideal para v\u00e1rias aplica\u00e7\u00f5es, incluindo edif\u00edcios residenciais e comerciais, onde a seguran\u00e7a e a durabilidade s\u00e3o fundamentais.<\/p>\n<figure id=\"attachment_20949\" aria-describedby=\"caption-attachment-20949\" style=\"width: 1024px\" class=\"wp-caption alignnone\"><img loading=\"lazy\" decoding=\"async\" class=\"wp-image-20949\" src=\"https:\/\/meterny.com\/wp-content\/uploads\/2025\/01\/\u4e3b\u56fe3\uff081.jpg\" alt=\"Pain\u00e9is de parede WPC para exterior com retardador de fogo\" width=\"1024\" height=\"1024\" srcset=\"https:\/\/meterny.com\/wp-content\/uploads\/2025\/01\/\u4e3b\u56fe3\uff081.jpg 800w, https:\/\/meterny.com\/wp-content\/uploads\/2025\/01\/\u4e3b\u56fe3\uff081-300x300.jpg 300w, https:\/\/meterny.com\/wp-content\/uploads\/2025\/01\/\u4e3b\u56fe3\uff081-150x150.jpg 150w, https:\/\/meterny.com\/wp-content\/uploads\/2025\/01\/\u4e3b\u56fe3\uff081-768x768.jpg 768w, https:\/\/meterny.com\/wp-content\/uploads\/2025\/01\/\u4e3b\u56fe3\uff081-600x600.jpg 600w, https:\/\/meterny.com\/wp-content\/uploads\/2025\/01\/\u4e3b\u56fe3\uff081-100x100.jpg 100w\" sizes=\"auto, (max-width: 1024px) 100vw, 1024px\" \/><figcaption id=\"caption-attachment-20949\" class=\"wp-caption-text\">Mantenha o seu espa\u00e7o exterior seguro com pain\u00e9is WPC retardadores de fogo<\/figcaption><\/figure>\n<p><strong style=\"font-size: 1.5em;\">Especifica\u00e7\u00f5es do produto<\/strong><span style=\"font-size: 1.5em; font-weight: bold;\">:<\/span><\/p>\n<ul>\n<li style=\"list-style-type: none;\">\n<ul>\n<li><strong>Material<\/strong>: Fibras de madeira e pl\u00e1stico reciclados<\/li>\n<li><strong>Dimens\u00f5es<\/strong>: 135*119*23mm\/217*201*28mm\/227*210*25mm, com personaliza\u00e7\u00e3o dispon\u00edvel de acordo com os requisitos do cliente.<\/li>\n<li><strong>Espessura<\/strong>: 23\/25\/28mm<\/li>\n<li><strong>Peso<\/strong>: 3kg\/metro<\/li>\n<li><strong>Op\u00e7\u00f5es de cores<\/strong>: Dispon\u00edvel em 9 cores padr\u00e3o, com a op\u00e7\u00e3o de correspond\u00eancia de cores personalizada.<\/li>\n<li><strong>Tratamento de superf\u00edcie<\/strong>: Dispon\u00edvel em acabamento convencional, escovado ou em relevo.<\/li>\n<li><strong>Material<\/strong>: Composto de madeira-pl\u00e1stico (WPC) de alta qualidade feito de uma mistura de fibras de madeira e materiais termopl\u00e1sticos (como HDPE, PVC, PP)<\/li>\n<li><strong>M\u00e9todo de instala\u00e7\u00e3o<\/strong>: macho e f\u00eamea, sistema de clipes, etc.<\/li>\n<li><strong>Resist\u00eancia ao fogo<\/strong>: Cumpre as normas internacionais de seguran\u00e7a contra inc\u00eandios, proporcionando uma camada adicional de seguran\u00e7a para a sua casa.<\/li>\n<li><strong>Prote\u00e7\u00e3o UV<\/strong>: Prote\u00e7\u00e3o UV melhorada para evitar o desbotamento e manter o aspeto vibrante do revestimento.<\/li>\n<li><strong>Garantia<\/strong>: mais de 10 anos<\/li>\n<\/ul>\n<\/li>\n<\/ul>\n<h2>Carater\u00edsticas principais<\/h2>\n<ul>\n<li><strong>Resist\u00eancia ao fogo<\/strong>: Concebidos para corresponder \u00e0 classe A de resist\u00eancia ao fogo, estes pain\u00e9is t\u00eam um ponto de igni\u00e7\u00e3o mais elevado e libertam menos calor do que os materiais tradicionais, como a madeira ou o gesso cartonado. Este facto reduz significativamente o risco de incidentes de inc\u00eandio e contribui para a seguran\u00e7a geral do edif\u00edcio.<\/li>\n<li><strong>Baixa emiss\u00e3o de fumos e gases t\u00f3xicos<\/strong>: Em caso de inc\u00eandio, os pain\u00e9is de parede WPC emitem um m\u00ednimo de fumo e gases t\u00f3xicos, melhorando a visibilidade e reduzindo os riscos para a sa\u00fade dos ocupantes.<\/li>\n<li><strong>Integridade estrutural e estabilidade<\/strong>: Estes pain\u00e9is s\u00e3o fortes e duradouros, mantendo a sua integridade estrutural mesmo em condi\u00e7\u00f5es de alta temperatura. A sua baixa condutividade t\u00e9rmica ajuda a conter a propaga\u00e7\u00e3o do fogo e a reduzir o seu impacto nas \u00e1reas circundantes.<\/li>\n<li><strong>Respeito pelo ambiente<\/strong>: Fabricados a partir de fibras de madeira e pl\u00e1stico reciclados, os pain\u00e9is de parede WPC s\u00e3o 100% recicl\u00e1veis, reduzindo os res\u00edduos e conservando os recursos naturais.<\/li>\n<li><strong>Durabilidade e resist\u00eancia \u00e0s intemp\u00e9ries<\/strong>: Altamente resistentes aos raios UV, \u00e0 chuva, \u00e0 neve e \u00e0s mudan\u00e7as extremas de temperatura, estes pain\u00e9is n\u00e3o se deformam, n\u00e3o racham nem desvanecem com o tempo.<\/li>\n<li><strong>Manuten\u00e7\u00e3o reduzida<\/strong>: F\u00e1cil de limpar e de manter, n\u00e3o requerendo pintura ou colora\u00e7\u00e3o. Um simples enxaguamento com \u00e1gua ou um pano macio \u00e9 normalmente suficiente.<\/li>\n<li><strong>Op\u00e7\u00f5es personaliz\u00e1veis<\/strong>: Dispon\u00edvel numa variedade de tamanhos, cores e tratamentos de superf\u00edcie, permitindo a personaliza\u00e7\u00e3o de acordo com os seus requisitos de design espec\u00edficos.<\/li>\n<\/ul>\n<\/div>\n<div class=\"elementor-element elementor-element-1f676da elementor-widget elementor-widget-heading\" data-id=\"1f676da\" data-element_type=\"widget\" data-widget_type=\"heading.default\">\n<h4>Contactar-nos<\/h4>\n<p>Como fabricante e fornecedor profissional de produtos WPC de alta qualidade, estamos empenhados em fornecer-lhe as melhores solu\u00e7\u00f5es para os seus projectos de exterior. Contacte-nos hoje para discutir as suas necessidades espec\u00edficas e obter um or\u00e7amento gratuito.<\/p>\n<p>Whatsapp:+86 18566054354<\/p>\n<p>Correio eletr\u00f3nico: damon@meterny.com<\/p>\n<h3>Se quiser saber mais pormenores, clique no link para o youtube:<a href=\"https:\/\/youtu.be\/tvSl5yo4US0\" target=\"_blank\" rel=\"noopener\"> https:\/\/youtu.be\/tvSl5yo4US0<\/a><\/h3>\n<p>&nbsp;<\/p>\n<h3>Galeria<\/h3>\n<p>Pain\u00e9is de parede WPC para exterior com retardador de fogo<\/p>\n<figure id=\"attachment_20950\" aria-describedby=\"caption-attachment-20950\" style=\"width: 1024px\" class=\"wp-caption alignnone\"><img loading=\"lazy\" decoding=\"async\" class=\"wp-image-20950\" src=\"https:\/\/meterny.com\/wp-content\/uploads\/2025\/01\/\u4e3b\u56fe9.jpg\" alt=\"Pain\u00e9is de parede WPC para exterior resistentes a t\u00e9rmitas\" width=\"1024\" height=\"1024\" srcset=\"https:\/\/meterny.com\/wp-content\/uploads\/2025\/01\/\u4e3b\u56fe9.jpg 800w, https:\/\/meterny.com\/wp-content\/uploads\/2025\/01\/\u4e3b\u56fe9-300x300.jpg 300w, https:\/\/meterny.com\/wp-content\/uploads\/2025\/01\/\u4e3b\u56fe9-150x150.jpg 150w, https:\/\/meterny.com\/wp-content\/uploads\/2025\/01\/\u4e3b\u56fe9-768x768.jpg 768w, https:\/\/meterny.com\/wp-content\/uploads\/2025\/01\/\u4e3b\u56fe9-600x600.jpg 600w, https:\/\/meterny.com\/wp-content\/uploads\/2025\/01\/\u4e3b\u56fe9-100x100.jpg 100w\" sizes=\"auto, (max-width: 1024px) 100vw, 1024px\" \/><figcaption id=\"caption-attachment-20950\" class=\"wp-caption-text\">Defenda o seu espa\u00e7o exterior das t\u00e9rmitas com pain\u00e9is WPC<\/figcaption><\/figure>\n<p>Pain\u00e9is de parede WPC para exterior com retardador de fogo<\/p>\n<figure id=\"attachment_20947\" aria-describedby=\"caption-attachment-20947\" style=\"width: 1024px\" class=\"wp-caption alignnone\"><img loading=\"lazy\" decoding=\"async\" class=\"wp-image-20947\" src=\"https:\/\/meterny.com\/wp-content\/uploads\/2025\/01\/75-155.jpg\" alt=\"Pain\u00e9is de parede WPC com prote\u00e7\u00e3o UV para decora\u00e7\u00e3o de paredes exteriores\" width=\"1024\" height=\"1024\" srcset=\"https:\/\/meterny.com\/wp-content\/uploads\/2025\/01\/75-155.jpg 800w, https:\/\/meterny.com\/wp-content\/uploads\/2025\/01\/75-155-300x300.jpg 300w, https:\/\/meterny.com\/wp-content\/uploads\/2025\/01\/75-155-150x150.jpg 150w, https:\/\/meterny.com\/wp-content\/uploads\/2025\/01\/75-155-768x768.jpg 768w, https:\/\/meterny.com\/wp-content\/uploads\/2025\/01\/75-155-600x600.jpg 600w, https:\/\/meterny.com\/wp-content\/uploads\/2025\/01\/75-155-100x100.jpg 100w\" sizes=\"auto, (max-width: 1024px) 100vw, 1024px\" \/><figcaption id=\"caption-attachment-20947\" class=\"wp-caption-text\">Proteja o seu espa\u00e7o exterior dos raios UV com pain\u00e9is WPC<\/figcaption><\/figure>\n<p>Pain\u00e9is de parede WPC para exterior com retardador de fogo<\/p>\n<figure id=\"attachment_20956\" aria-describedby=\"caption-attachment-20956\" style=\"width: 1024px\" class=\"wp-caption alignnone\"><img loading=\"lazy\" decoding=\"async\" class=\"wp-image-20956\" src=\"https:\/\/meterny.com\/wp-content\/uploads\/2025\/01\/75-178-300x300-1.png\" alt=\"Pain\u00e9is de parede WPC com redu\u00e7\u00e3o de ru\u00eddo no exterior\" width=\"1024\" height=\"1024\" srcset=\"https:\/\/meterny.com\/wp-content\/uploads\/2025\/01\/75-178-300x300-1.png 800w, https:\/\/meterny.com\/wp-content\/uploads\/2025\/01\/75-178-300x300-1-300x300.png 300w, https:\/\/meterny.com\/wp-content\/uploads\/2025\/01\/75-178-300x300-1-150x150.png 150w, https:\/\/meterny.com\/wp-content\/uploads\/2025\/01\/75-178-300x300-1-768x768.png 768w, https:\/\/meterny.com\/wp-content\/uploads\/2025\/01\/75-178-300x300-1-600x600.png 600w, https:\/\/meterny.com\/wp-content\/uploads\/2025\/01\/75-178-300x300-1-100x100.png 100w\" sizes=\"auto, (max-width: 1024px) 100vw, 1024px\" \/><figcaption id=\"caption-attachment-20956\" class=\"wp-caption-text\">Criar um espa\u00e7o exterior tranquilo com pain\u00e9is WPC que reduzem o ru\u00eddo<\/figcaption><\/figure>\n<\/div>\n<div class=\"elementor-element elementor-element-1f676da elementor-widget elementor-widget-heading\" data-id=\"1f676da\" data-element_type=\"widget\" data-widget_type=\"heading.default\">\n<h3>Op\u00e7\u00f5es de cores<\/h3>\n<p>Pain\u00e9is de parede WPC para exterior com retardador de fogo<\/p>\n<p>&nbsp;<\/p>\n<figure id=\"attachment_20293\" aria-describedby=\"caption-attachment-20293\" style=\"width: 1024px\" class=\"wp-caption alignnone\"><img loading=\"lazy\" decoding=\"async\" class=\"wp-image-20293\" src=\"https:\/\/meterny.com\/wp-content\/uploads\/2024\/10\/METE-Series-Colour-151.png\" alt=\"Op\u00e7\u00f5es de cores da veda\u00e7\u00e3o Meterny WPC\" width=\"1024\" height=\"1024\" srcset=\"https:\/\/meterny.com\/wp-content\/uploads\/2024\/10\/METE-Series-Colour-151.png 900w, https:\/\/meterny.com\/wp-content\/uploads\/2024\/10\/METE-Series-Colour-151-300x300.png 300w, https:\/\/meterny.com\/wp-content\/uploads\/2024\/10\/METE-Series-Colour-151-150x150.png 150w, https:\/\/meterny.com\/wp-content\/uploads\/2024\/10\/METE-Series-Colour-151-768x768.png 768w, https:\/\/meterny.com\/wp-content\/uploads\/2024\/10\/METE-Series-Colour-151-600x600.png 600w, https:\/\/meterny.com\/wp-content\/uploads\/2024\/10\/METE-Series-Colour-151-100x100.png 100w\" sizes=\"auto, (max-width: 1024px) 100vw, 1024px\" \/><figcaption id=\"caption-attachment-20293\" class=\"wp-caption-text\">Explorar Veda\u00e7\u00e3o WPC Meterny - Nove op\u00e7\u00f5es de cores deslumbrantes para todos os estilos<\/figcaption><\/figure>\n<div class=\"pop-container\">\n<div class=\"popcontent-hole\">\n<div class=\"pop-content\">\n<div class=\"normal___qxduM\">\n<div class=\"\">\n<div id=\"chat-markdown-cu123vos8jdneeo3jnsg-0-0\">\n<div class=\"markdown___vuBDJ\">\n<div class=\"markdown___vuBDJ\">\n<h3><strong>Porqu\u00ea escolher os pain\u00e9is de parede WPC para exterior com retardador de fogo?<\/strong><\/h3>\n<p>&nbsp;<\/p>\n<div class=\"inter-wCaKYV\">\n<div class=\"container-ncFTrL\">\n<div class=\"item-KOa3z_\">\n<div class=\"container-rBgb6B chrome70-container\">\n<div class=\"inner-LOKNYu inner-item-AQrr_W\" data-target-id=\"message-box-target-id\" data-testid=\"union_message\">\n<div class=\"message-block-container-CKPFh2\" data-testid=\"message-block-container\">\n<div class=\"message-box-y4MH8s\" data-testid=\"receive_message\">\n<div class=\"message-box-content-wrapper-fgNGpz\">\n<div class=\"message-content message-box-content-xoCEoU receive-message-box-content-bNaFpa samantha-message-box-content-gWlptz\" data-testid=\"message_content\">\n<div class=\"container-ZYIsnH flow-markdown-body theme-samantha-Nbr9UN\" dir=\"ltr\" data-testid=\"message_text_content\" data-show-indicator=\"false\">\n<div class=\"auto-hide-last-sibling-br paragraph-JOTKXA paragraph-element br-paragraph-space\">Existem v\u00e1rias raz\u00f5es para escolher pain\u00e9is de parede WPC para exterior com retardador de fogo:<\/div>\n<h3 class=\"header-vfC6AV auto-hide-last-sibling-br\">Seguran\u00e7a refor\u00e7ada contra inc\u00eandios<\/h3>\n<p>&nbsp;<\/p>\n<ul class=\"auto-hide-last-sibling-br\">\n<li><strong>Inibi\u00e7\u00e3o da propaga\u00e7\u00e3o do fogo<\/strong>: Os pain\u00e9is de parede WPC para exterior com retardador de fogo s\u00e3o concebidos para abrandar ou mesmo impedir a propaga\u00e7\u00e3o do fogo. Em caso de inc\u00eandio, estes pain\u00e9is podem atuar como uma barreira, reduzindo o risco de o fogo se propagar rapidamente pelo exterior do edif\u00edcio, ganhando assim um tempo precioso para a evacua\u00e7\u00e3o dos ocupantes e para a interven\u00e7\u00e3o dos bombeiros.<\/li>\n<li><strong>Redu\u00e7\u00e3o das emiss\u00f5es de fumo e de gases t\u00f3xicos<\/strong>: Quando expostos ao fogo, emitem normalmente n\u00edveis mais baixos de fumo e gases t\u00f3xicos do que outros materiais. Isto \u00e9 crucial, uma vez que a inala\u00e7\u00e3o de fumo \u00e9 uma das principais causas de v\u00edtimas em inc\u00eandios, e menos fumo permite uma melhor visibilidade e vias de evacua\u00e7\u00e3o mais seguras para as pessoas no interior do edif\u00edcio.<\/li>\n<\/ul>\n<h3 class=\"header-vfC6AV auto-hide-last-sibling-br\">Conformidade com os regulamentos<\/h3>\n<p>&nbsp;<\/p>\n<ul class=\"auto-hide-last-sibling-br\">\n<li><strong>Cumprimento dos c\u00f3digos de constru\u00e7\u00e3o<\/strong>: A maioria dos regulamentos e c\u00f3digos de seguran\u00e7a dos edif\u00edcios exige a utiliza\u00e7\u00e3o de materiais resistentes ao fogo em determinadas aplica\u00e7\u00f5es, especialmente em edif\u00edcios comerciais e p\u00fablicos. Os pain\u00e9is de parede WPC ign\u00edfugos que cumprem as classifica\u00e7\u00f5es de resist\u00eancia ao fogo exigidas garantem que o edif\u00edcio cumpre estes regulamentos, evitando potenciais problemas legais e responsabilidades.<\/li>\n<\/ul>\n<h3 class=\"header-vfC6AV auto-hide-last-sibling-br\">Durabilidade e longevidade<\/h3>\n<p>&nbsp;<\/p>\n<ul class=\"auto-hide-last-sibling-br\">\n<li><strong>Resist\u00eancia a condi\u00e7\u00f5es exteriores adversas<\/strong>: Para al\u00e9m das suas propriedades ign\u00edfugas, estes pain\u00e9is s\u00e3o tamb\u00e9m concebidos para resistir aos rigores da utiliza\u00e7\u00e3o no exterior. S\u00e3o resistentes \u00e0 humidade, \u00e0 radia\u00e7\u00e3o UV, \u00e0s mudan\u00e7as de temperatura e \u00e0s pragas, o que significa que n\u00e3o s\u00f3 oferecem prote\u00e7\u00e3o contra o fogo, como tamb\u00e9m mant\u00eam a sua integridade estrutural e o seu aspeto ao longo do tempo, reduzindo a necessidade de substitui\u00e7\u00f5es e repara\u00e7\u00f5es frequentes.<\/li>\n<li><strong>Resist\u00eancia qu\u00edmica e \u00e0 corros\u00e3o<\/strong>: A combina\u00e7\u00e3o de fibras de madeira e pol\u00edmeros pl\u00e1sticos em WPC, juntamente com aditivos retardadores de fogo, resulta frequentemente numa boa resist\u00eancia qu\u00edmica e \u00e0 corros\u00e3o. Isto torna-os adequados para utiliza\u00e7\u00e3o numa variedade de ambientes exteriores, incluindo aqueles com elevada humidade ou exposi\u00e7\u00e3o a poluentes industriais.<\/li>\n<\/ul>\n<h3 class=\"header-vfC6AV auto-hide-last-sibling-br\">Apelo est\u00e9tico e versatilidade<\/h3>\n<p>&nbsp;<\/p>\n<ul class=\"auto-hide-last-sibling-br\">\n<li><strong>Vasta gama de op\u00e7\u00f5es de design<\/strong>: Os pain\u00e9is de parede WPC para exterior, ign\u00edfugos, est\u00e3o dispon\u00edveis numa variedade de cores, texturas e acabamentos, permitindo possibilidades de design criativas e personaliz\u00e1veis. Podem imitar o aspeto da madeira natural, da pedra ou de outros materiais, proporcionando aos arquitectos e designers a flexibilidade necess\u00e1ria para alcan\u00e7ar a est\u00e9tica desejada e, ao mesmo tempo, cumprir os requisitos de seguran\u00e7a contra inc\u00eandios.<\/li>\n<li><strong>F\u00e1cil integra\u00e7\u00e3o com outros materiais<\/strong>: Estes pain\u00e9is podem ser facilmente integrados com outros materiais de constru\u00e7\u00e3o, como o metal, o vidro ou o bet\u00e3o, permitindo a cria\u00e7\u00e3o de projectos arquitect\u00f3nicos \u00fanicos e modernos.<\/li>\n<\/ul>\n<h3 class=\"header-vfC6AV auto-hide-last-sibling-br\">Respeito pelo ambiente<\/h3>\n<p>&nbsp;<\/p>\n<ul class=\"auto-hide-last-sibling-br\">\n<li><strong>Utiliza\u00e7\u00e3o de materiais reciclados<\/strong>: Os pain\u00e9is de parede WPC s\u00e3o frequentemente fabricados a partir de fibras de madeira recicladas e pol\u00edmeros de pl\u00e1stico, reduzindo a procura de materiais virgens e minimizando os res\u00edduos. Isto torna-os numa escolha amiga do ambiente em compara\u00e7\u00e3o com alguns materiais de constru\u00e7\u00e3o tradicionais.<\/li>\n<li><strong>Pegada de carbono reduzida<\/strong>: O processo de produ\u00e7\u00e3o de pain\u00e9is de parede WPC ign\u00edfugos consome normalmente menos energia e emite menos gases com efeito de estufa do que a produ\u00e7\u00e3o de alguns outros materiais ign\u00edfugos, contribuindo ainda mais para a sua sustentabilidade ambiental.<\/li>\n<\/ul>\n<h3 class=\"header-vfC6AV auto-hide-last-sibling-br\">Custo-efic\u00e1cia<\/h3>\n<p>&nbsp;<\/p>\n<ul class=\"auto-hide-last-sibling-br\">\n<li><strong>Redu\u00e7\u00e3o dos custos de seguro<\/strong>: A utiliza\u00e7\u00e3o de materiais ign\u00edfugos pode frequentemente conduzir a pr\u00e9mios de seguro mais baixos para os edif\u00edcios, uma vez que estes apresentam um menor risco de danos causados pelo fogo. Isto pode resultar em poupan\u00e7as de custos significativas a longo prazo.<\/li>\n<li><strong>Investimento a longo prazo<\/strong>: Embora o custo inicial dos pain\u00e9is de parede exteriores WPC ign\u00edfugos possa ser ligeiramente mais elevado do que algumas alternativas n\u00e3o ign\u00edfugas, a sua durabilidade, os baixos requisitos de manuten\u00e7\u00e3o e o potencial de redu\u00e7\u00e3o das perdas relacionadas com o fogo fazem deles um investimento rent\u00e1vel a longo prazo.<\/li>\n<\/ul>\n<\/div>\n<\/div>\n<\/div>\n<div class=\"answer-action-bar-wEWc6C bottom-action-bar-wrapper-qtqrci large-space-b582O0 answer-action-bar\" data-testid=\"message_action_bar\"><\/div>\n<\/div>\n<\/div>\n<\/div>\n<\/div>\n<\/div>\n<\/div>\n<\/div>\n<\/div>\n<\/div>\n<\/div>\n<\/div>\n<\/div>\n<\/div>\n<\/div>\n<\/div>\n<\/div>","protected":false},"excerpt":{"rendered":"<p>Qualidade superior: Fabricado a partir de materiais de primeira qualidade, este painel exterior WPC oferece prote\u00e7\u00e3o contra os elementos.<\/p>\n<p>Design elegante: Eleve o exterior da sua propriedade com um revestimento elegante e moderno que complementa qualquer estilo arquitet\u00f3nico.<\/p>\n<p>F\u00e1cil instala\u00e7\u00e3o: Foi concebido para uma instala\u00e7\u00e3o sem complica\u00e7\u00f5es, poupando-lhe tempo e esfor\u00e7o.<\/p>\n<p>Vers\u00e1til: Quer seja para propriedades residenciais ou comerciais, este painel WPC \u00e9 perfeito para todas as aplica\u00e7\u00f5es de revestimento exterior.<\/p>\n<p>Amigo do ambiente: Fabricado a partir de materiais sustent\u00e1veis, \u00e9 a escolha ambientalmente consciente para as suas necessidades de design exterior.<\/p>","protected":false},"featured_media":20949,"comment_status":"open","ping_status":"closed","template":"","meta":{"_uag_custom_page_level_css":"","site-sidebar-layout":"default","site-content-layout":"","ast-site-content-layout":"default","site-content-style":"default","site-sidebar-style":"default","ast-global-header-display":"","ast-banner-title-visibility":"","ast-main-header-display":"","ast-hfb-above-header-display":"","ast-hfb-below-header-display":"","ast-hfb-mobile-header-display":"","site-post-title":"","ast-breadcrumbs-content":"","ast-featured-img":"","footer-sml-layout":"","theme-transparent-header-meta":"default","adv-header-id-meta":"","stick-header-meta":"default","header-above-stick-meta":"","header-main-stick-meta":"","header-below-stick-meta":"","astra-migrate-meta-layouts":"set","ast-page-background-enabled":"default","ast-page-background-meta":{"desktop":{"background-color":"var(--ast-global-color-4)","background-image":"","background-repeat":"repeat","background-position":"center center","background-size":"auto","background-attachment":"scroll","background-type":"","background-media":"","overlay-type":"","overlay-color":"","overlay-opacity":"","overlay-gradient":""},"tablet":{"background-color":"","background-image":"","background-repeat":"repeat","background-position":"center center","background-size":"auto","background-attachment":"scroll","background-type":"","background-media":"","overlay-type":"","overlay-color":"","overlay-opacity":"","overlay-gradient":""},"mobile":{"background-color":"","background-image":"","background-repeat":"repeat","background-position":"center center","background-size":"auto","background-attachment":"scroll","background-type":"","background-media":"","overlay-type":"","overlay-color":"","overlay-opacity":"","overlay-gradient":""}},"ast-content-background-meta":{"desktop":{"background-color":"var(--ast-global-color-5)","background-image":"","background-repeat":"repeat","background-position":"center center","background-size":"auto","background-attachment":"scroll","background-type":"","background-media":"","overlay-type":"","overlay-color":"","overlay-opacity":"","overlay-gradient":""},"tablet":{"background-color":"var(--ast-global-color-5)","background-image":"","background-repeat":"repeat","background-position":"center center","background-size":"auto","background-attachment":"scroll","background-type":"","background-media":"","overlay-type":"","overlay-color":"","overlay-opacity":"","overlay-gradient":""},"mobile":{"background-color":"var(--ast-global-color-5)","background-image":"","background-repeat":"repeat","background-position":"center center","background-size":"auto","background-attachment":"scroll","background-type":"","background-media":"","overlay-type":"","overlay-color":"","overlay-opacity":"","overlay-gradient":""}}},"product_brand":[],"product_cat":[175],"product_tag":[184,180],"class_list":{"0":"post-21000","1":"product","2":"type-product","3":"status-publish","4":"has-post-thumbnail","6":"product_cat-exterior-wpc-wall","7":"product_tag-wpc-wall-exterior","8":"product_tag-wpc-wall-panel","9":"desktop-align-center","10":"tablet-align-left","11":"mobile-align-left","12":"ast-product-gallery-layout-horizontal-slider","13":"ast-product-tabs-layout-vertical","15":"first","16":"instock","17":"shipping-taxable","18":"product-type-simple"},"uagb_featured_image_src":{"full":["https:\/\/meterny.com\/wp-content\/uploads\/2025\/01\/\u4e3b\u56fe3\uff081.jpg",800,800,false],"thumbnail":["https:\/\/meterny.com\/wp-content\/uploads\/2025\/01\/\u4e3b\u56fe3\uff081-150x150.jpg",150,150,true],"medium":["https:\/\/meterny.com\/wp-content\/uploads\/2025\/01\/\u4e3b\u56fe3\uff081-300x300.jpg",300,300,true],"medium_large":["https:\/\/meterny.com\/wp-content\/uploads\/2025\/01\/\u4e3b\u56fe3\uff081-768x768.jpg",768,768,true],"large":["https:\/\/meterny.com\/wp-content\/uploads\/2025\/01\/\u4e3b\u56fe3\uff081.jpg",800,800,false],"1536x1536":["https:\/\/meterny.com\/wp-content\/uploads\/2025\/01\/\u4e3b\u56fe3\uff081.jpg",800,800,false],"2048x2048":["https:\/\/meterny.com\/wp-content\/uploads\/2025\/01\/\u4e3b\u56fe3\uff081.jpg",800,800,false],"trp-custom-language-flag":["https:\/\/meterny.com\/wp-content\/uploads\/2025\/01\/\u4e3b\u56fe3\uff081.jpg",12,12,false],"woocommerce_thumbnail":["https:\/\/meterny.com\/wp-content\/uploads\/2025\/01\/\u4e3b\u56fe3\uff081-300x300.jpg",300,300,true],"woocommerce_single":["https:\/\/meterny.com\/wp-content\/uploads\/2025\/01\/\u4e3b\u56fe3\uff081-600x600.jpg",600,600,true],"woocommerce_gallery_thumbnail":["https:\/\/meterny.com\/wp-content\/uploads\/2025\/01\/\u4e3b\u56fe3\uff081-100x100.jpg",100,100,true]},"uagb_author_info":{"display_name":"meterny","author_link":"https:\/\/meterny.com\/pt\/author\/"},"uagb_comment_info":0,"uagb_excerpt":"Superior Quality: Crafted from premium materials, this WPC Exterior panel offers protection against the elements. Stylish Design: Elevate the exterior of your property with sleek and modern cladding that complements any architectural style. Easy Installation: It is designed for hassle-free installation, saving you time and effort. Versatile: Whether it's for residential or commercial properties, This&hellip;","_links":{"self":[{"href":"https:\/\/meterny.com\/pt\/wp-json\/wp\/v2\/product\/21000","targetHints":{"allow":["GET"]}}],"collection":[{"href":"https:\/\/meterny.com\/pt\/wp-json\/wp\/v2\/product"}],"about":[{"href":"https:\/\/meterny.com\/pt\/wp-json\/wp\/v2\/types\/product"}],"replies":[{"embeddable":true,"href":"https:\/\/meterny.com\/pt\/wp-json\/wp\/v2\/comments?post=21000"}],"wp:featuredmedia":[{"embeddable":true,"href":"https:\/\/meterny.com\/pt\/wp-json\/wp\/v2\/media\/20949"}],"wp:attachment":[{"href":"https:\/\/meterny.com\/pt\/wp-json\/wp\/v2\/media?parent=21000"}],"wp:term":[{"taxonomy":"product_brand","embeddable":true,"href":"https:\/\/meterny.com\/pt\/wp-json\/wp\/v2\/product_brand?post=21000"},{"taxonomy":"product_cat","embeddable":true,"href":"https:\/\/meterny.com\/pt\/wp-json\/wp\/v2\/product_cat?post=21000"},{"taxonomy":"product_tag","embeddable":true,"href":"https:\/\/meterny.com\/pt\/wp-json\/wp\/v2\/product_tag?post=21000"}],"curies":[{"name":"wp","href":"https:\/\/api.w.org\/{rel}","templated":true}]}}