{"id":21002,"date":"2025-01-14T07:59:19","date_gmt":"2025-01-14T07:59:19","guid":{"rendered":"https:\/\/meterny.com\/?post_type=product&#038;p=21002"},"modified":"2025-01-14T08:37:43","modified_gmt":"2025-01-14T08:37:43","slug":"termite-resistant-wpc-wall-panels-outdoor-wall","status":"publish","type":"product","link":"https:\/\/meterny.com\/pt\/produto\/termite-resistant-wpc-wall-panels-outdoor-wall\/","title":{"rendered":"Pain\u00e9is de parede WPC resistentes a t\u00e9rmitas Parede exterior"},"content":{"rendered":"<div class=\"elementor-element elementor-element-c0e1d42 elementor-widget elementor-widget-heading\" data-id=\"c0e1d42\" data-element_type=\"widget\" data-widget_type=\"heading.default\">\n<h2 style=\"text-align: center;\">Pain\u00e9is de parede WPC resistentes a t\u00e9rmitas Parede exterior<\/h2>\n<p>&nbsp;<\/p>\n<h2>Vis\u00e3o geral do produto<\/h2>\n<p>Os pain\u00e9is de parede WPC resistentes a t\u00e9rmitas s\u00e3o um material composto que combina fibras de madeira e pl\u00e1stico, oferecendo uma excelente resist\u00eancia a insectos e t\u00e9rmitas, tornando-os ideais para utiliza\u00e7\u00e3o em \u00e1reas h\u00famidas ou chuvosas. Estes pain\u00e9is n\u00e3o s\u00e3o apenas esteticamente agrad\u00e1veis, mas tamb\u00e9m dur\u00e1veis e amigos do ambiente, o que os torna uma escolha perfeita para a decora\u00e7\u00e3o de paredes exteriores.<\/p>\n<figure id=\"attachment_20950\" aria-describedby=\"caption-attachment-20950\" style=\"width: 1024px\" class=\"wp-caption alignnone\"><img loading=\"lazy\" decoding=\"async\" class=\"wp-image-20950\" src=\"https:\/\/meterny.com\/wp-content\/uploads\/2025\/01\/\u4e3b\u56fe9.jpg\" alt=\"Pain\u00e9is de parede WPC resistentes a t\u00e9rmitas Parede exterior\" width=\"1024\" height=\"1024\" srcset=\"https:\/\/meterny.com\/wp-content\/uploads\/2025\/01\/\u4e3b\u56fe9.jpg 800w, https:\/\/meterny.com\/wp-content\/uploads\/2025\/01\/\u4e3b\u56fe9-300x300.jpg 300w, https:\/\/meterny.com\/wp-content\/uploads\/2025\/01\/\u4e3b\u56fe9-150x150.jpg 150w, https:\/\/meterny.com\/wp-content\/uploads\/2025\/01\/\u4e3b\u56fe9-768x768.jpg 768w, https:\/\/meterny.com\/wp-content\/uploads\/2025\/01\/\u4e3b\u56fe9-600x600.jpg 600w, https:\/\/meterny.com\/wp-content\/uploads\/2025\/01\/\u4e3b\u56fe9-100x100.jpg 100w\" sizes=\"auto, (max-width: 1024px) 100vw, 1024px\" \/><figcaption id=\"caption-attachment-20950\" class=\"wp-caption-text\">Defenda o seu espa\u00e7o exterior das t\u00e9rmitas com pain\u00e9is WPC<\/figcaption><\/figure>\n<p><strong style=\"font-size: 1.5em;\">Especifica\u00e7\u00f5es do produto<\/strong><span style=\"font-size: 1.5em; font-weight: bold;\">:<\/span><\/p>\n<ul>\n<li style=\"list-style-type: none;\">\n<ul>\n<li><strong>Material<\/strong>: Fibras de madeira e pl\u00e1stico reciclados<\/li>\n<li><strong>Dimens\u00f5es<\/strong>: 135*119*23mm\/217*201*28mm\/227*210*25mm, com personaliza\u00e7\u00e3o dispon\u00edvel de acordo com os requisitos do cliente.<\/li>\n<li><strong>Espessura<\/strong>: 23\/25\/28mm<\/li>\n<li><strong>Peso<\/strong>: 3kg\/metro<\/li>\n<li><strong>Op\u00e7\u00f5es de cores<\/strong>: Dispon\u00edvel em 9 cores padr\u00e3o, com a op\u00e7\u00e3o de correspond\u00eancia de cores personalizada.<\/li>\n<li><strong>Tratamento de superf\u00edcie<\/strong>: Dispon\u00edvel em acabamento convencional, escovado ou em relevo.<\/li>\n<li><strong>Material<\/strong>: Composto de madeira-pl\u00e1stico (WPC) de alta qualidade feito de uma mistura de fibras de madeira e materiais termopl\u00e1sticos (como HDPE, PVC, PP)<\/li>\n<li><strong>M\u00e9todo de instala\u00e7\u00e3o<\/strong>: macho e f\u00eamea, sistema de clipes, etc.<\/li>\n<li><strong>Resist\u00eancia ao fogo<\/strong>: Cumpre as normas internacionais de seguran\u00e7a contra inc\u00eandios, proporcionando uma camada adicional de seguran\u00e7a para a sua casa.<\/li>\n<li><strong>Prote\u00e7\u00e3o UV<\/strong>: Prote\u00e7\u00e3o UV melhorada para evitar o desbotamento e manter o aspeto vibrante do revestimento.<\/li>\n<li><strong>Garantia<\/strong>: mais de 10 anos<\/li>\n<\/ul>\n<\/li>\n<\/ul>\n<h2>Carater\u00edsticas principais<\/h2>\n<ul>\n<li><strong>Resist\u00eancia a insectos e t\u00e9rmitas<\/strong>: Os pain\u00e9is de parede WPC s\u00e3o resistentes \u00e0 infesta\u00e7\u00e3o de insectos e ao crescimento de bolor, o que os torna adequados para utiliza\u00e7\u00e3o em climas h\u00famidos ou chuvosos.<\/li>\n<li><strong>Resist\u00eancia \u00e0 \u00e1gua e \u00e0 humidade<\/strong>: Ao contr\u00e1rio da madeira tradicional, que pode inchar e apodrecer com humidade elevada, os pain\u00e9is de parede WPC evitam facilmente estes problemas, garantindo uma longa vida \u00fatil e uma apar\u00eancia consistente.<\/li>\n<li><strong>Resist\u00eancia ao fogo<\/strong>: Os pain\u00e9is de parede WPC t\u00eam excelentes propriedades ign\u00edfugas, retardando eficazmente a propaga\u00e7\u00e3o do fogo e aumentando a seguran\u00e7a dos espa\u00e7os de habita\u00e7\u00e3o ou de trabalho.<\/li>\n<li><strong>Manuten\u00e7\u00e3o reduzida<\/strong>: Os pain\u00e9is de parede WPC n\u00e3o requerem a pintura regular ou o tratamento que a madeira tradicional necessita. S\u00e3o f\u00e1ceis de limpar, normalmente exigindo apenas um enxaguamento com \u00e1gua para remover a sujidade, reduzindo significativamente os custos de manuten\u00e7\u00e3o e m\u00e3o de obra.<\/li>\n<li><strong>Apelo est\u00e9tico<\/strong>: Os pain\u00e9is de parede WPC est\u00e3o dispon\u00edveis numa variedade de cores e texturas, imitando o aspeto da madeira natural. Est\u00e3o dispon\u00edveis numa variedade de estilos para combinar com o design geral de edif\u00edcios tradicionais ou modernos, e a sua estabilidade de cor evita o desvanecimento, aumentando o valor est\u00e9tico do edif\u00edcio.<\/li>\n<li><strong>Instala\u00e7\u00e3o f\u00e1cil<\/strong>: Os pain\u00e9is de parede WPC apresentam um design de f\u00e1cil utiliza\u00e7\u00e3o com um sistema de instala\u00e7\u00e3o de encaixe ou de encaixe, tornando a instala\u00e7\u00e3o r\u00e1pida e conveniente sem a necessidade de ferramentas profissionais, poupando tempo de constru\u00e7\u00e3o e custos de m\u00e3o de obra.<\/li>\n<li><strong>Isolamento t\u00e9rmico e ac\u00fastico<\/strong>: Devido \u00e0 estrutura \u00fanica dos materiais WPC, estes oferecem boas propriedades de isolamento t\u00e9rmico e ac\u00fastico, o que os torna a escolha ideal para casas ou escrit\u00f3rios que exigem um ambiente tranquilo e confort\u00e1vel.<\/li>\n<li><strong>Amigo do ambiente<\/strong>: Os pain\u00e9is de parede WPC n\u00e3o cont\u00eam subst\u00e2ncias nocivas como o benzeno ou o formalde\u00eddo, assegurando a n\u00e3o polui\u00e7\u00e3o adicional do ar. Para al\u00e9m disso, a sua capacidade de reciclagem est\u00e1 perfeitamente alinhada com as pol\u00edticas globais de desenvolvimento sustent\u00e1vel, tornando-os uma escolha respons\u00e1vel para aqueles que se preocupam com o ambiente.<\/li>\n<\/ul>\n<\/div>\n<div class=\"elementor-element elementor-element-1f676da elementor-widget elementor-widget-heading\" data-id=\"1f676da\" data-element_type=\"widget\" data-widget_type=\"heading.default\">\n<h2>Aplica\u00e7\u00f5es<\/h2>\n<ul>\n<li><strong>Residencial<\/strong>: Ideal para decorar os muros exteriores das casas, real\u00e7ar o aspeto dos p\u00e1tios, varandas e zonas ajardinadas.<\/li>\n<li><strong>Comercial<\/strong>: Adequado para hot\u00e9is, restaurantes, caf\u00e9s e espa\u00e7os comerciais, proporcionando um ambiente seguro e esteticamente agrad\u00e1vel.<\/li>\n<li><strong>Espa\u00e7os p\u00fablicos<\/strong>: Ideal para parques, pra\u00e7as, docas, cal\u00e7ad\u00f5es, praias e marinas, valorizando a beleza e a seguran\u00e7a dos espa\u00e7os p\u00fablicos.<\/li>\n<\/ul>\n<h4>Contactar-nos<\/h4>\n<p>Como fabricante e fornecedor profissional de produtos WPC de alta qualidade, estamos empenhados em fornecer-lhe as melhores solu\u00e7\u00f5es para os seus projectos de exterior. Contacte-nos hoje para discutir as suas necessidades espec\u00edficas e obter um or\u00e7amento gratuito.<\/p>\n<p>Whatsapp:+86 18566054354<\/p>\n<p>Correio eletr\u00f3nico: damon@meterny.com<\/p>\n<h3>Se quiser saber mais pormenores, clique no link para o youtube:<a href=\"https:\/\/youtu.be\/cW7s-_V3i-o\" target=\"_blank\" rel=\"noopener\">https:\/\/youtu.be\/cW7s-_V3i-o<\/a><\/h3>\n<p>&nbsp;<\/p>\n<h3>Galeria<\/h3>\n<figure id=\"attachment_20956\" aria-describedby=\"caption-attachment-20956\" style=\"width: 1024px\" class=\"wp-caption alignnone\"><img loading=\"lazy\" decoding=\"async\" class=\"wp-image-20956\" src=\"https:\/\/meterny.com\/wp-content\/uploads\/2025\/01\/75-178-300x300-1.png\" alt=\"Pain\u00e9is de parede WPC com redu\u00e7\u00e3o de ru\u00eddo no exterior\" width=\"1024\" height=\"1024\" srcset=\"https:\/\/meterny.com\/wp-content\/uploads\/2025\/01\/75-178-300x300-1.png 800w, https:\/\/meterny.com\/wp-content\/uploads\/2025\/01\/75-178-300x300-1-300x300.png 300w, https:\/\/meterny.com\/wp-content\/uploads\/2025\/01\/75-178-300x300-1-150x150.png 150w, https:\/\/meterny.com\/wp-content\/uploads\/2025\/01\/75-178-300x300-1-768x768.png 768w, https:\/\/meterny.com\/wp-content\/uploads\/2025\/01\/75-178-300x300-1-600x600.png 600w, https:\/\/meterny.com\/wp-content\/uploads\/2025\/01\/75-178-300x300-1-100x100.png 100w\" sizes=\"auto, (max-width: 1024px) 100vw, 1024px\" \/><figcaption id=\"caption-attachment-20956\" class=\"wp-caption-text\">Criar um espa\u00e7o exterior tranquilo com pain\u00e9is WPC que reduzem o ru\u00eddo<\/figcaption><\/figure>\n<figure id=\"attachment_20939\" aria-describedby=\"caption-attachment-20939\" style=\"width: 1024px\" class=\"wp-caption alignnone\"><img loading=\"lazy\" decoding=\"async\" class=\"wp-image-20939\" src=\"https:\/\/meterny.com\/wp-content\/uploads\/2025\/01\/70-43.jpg\" alt=\"Pain\u00e9is de parede WPC resistentes \u00e0s intemp\u00e9ries no exterior\" width=\"1024\" height=\"1026\" srcset=\"https:\/\/meterny.com\/wp-content\/uploads\/2025\/01\/70-43.jpg 820w, https:\/\/meterny.com\/wp-content\/uploads\/2025\/01\/70-43-300x300.jpg 300w, https:\/\/meterny.com\/wp-content\/uploads\/2025\/01\/70-43-150x150.jpg 150w, https:\/\/meterny.com\/wp-content\/uploads\/2025\/01\/70-43-768x770.jpg 768w, https:\/\/meterny.com\/wp-content\/uploads\/2025\/01\/70-43-600x601.jpg 600w, https:\/\/meterny.com\/wp-content\/uploads\/2025\/01\/70-43-100x100.jpg 100w\" sizes=\"auto, (max-width: 1024px) 100vw, 1024px\" \/><figcaption id=\"caption-attachment-20939\" class=\"wp-caption-text\">Resistir aos elementos com pain\u00e9is WPC resistentes \u00e0s intemp\u00e9ries<\/figcaption><\/figure>\n<\/div>\n<div class=\"elementor-element elementor-element-1f676da elementor-widget elementor-widget-heading\" data-id=\"1f676da\" data-element_type=\"widget\" data-widget_type=\"heading.default\">\n<h3>Op\u00e7\u00f5es de cores<\/h3>\n<p>Pain\u00e9is de parede WPC para exterior com retardador de fogo<\/p>\n<p>&nbsp;<\/p>\n<figure id=\"attachment_20293\" aria-describedby=\"caption-attachment-20293\" style=\"width: 1024px\" class=\"wp-caption alignnone\"><img loading=\"lazy\" decoding=\"async\" class=\"wp-image-20293\" src=\"https:\/\/meterny.com\/wp-content\/uploads\/2024\/10\/METE-Series-Colour-151.png\" alt=\"Op\u00e7\u00f5es de cores da veda\u00e7\u00e3o Meterny WPC\" width=\"1024\" height=\"1024\" srcset=\"https:\/\/meterny.com\/wp-content\/uploads\/2024\/10\/METE-Series-Colour-151.png 900w, https:\/\/meterny.com\/wp-content\/uploads\/2024\/10\/METE-Series-Colour-151-300x300.png 300w, https:\/\/meterny.com\/wp-content\/uploads\/2024\/10\/METE-Series-Colour-151-150x150.png 150w, https:\/\/meterny.com\/wp-content\/uploads\/2024\/10\/METE-Series-Colour-151-768x768.png 768w, https:\/\/meterny.com\/wp-content\/uploads\/2024\/10\/METE-Series-Colour-151-600x600.png 600w, https:\/\/meterny.com\/wp-content\/uploads\/2024\/10\/METE-Series-Colour-151-100x100.png 100w\" sizes=\"auto, (max-width: 1024px) 100vw, 1024px\" \/><figcaption id=\"caption-attachment-20293\" class=\"wp-caption-text\">Explorar Veda\u00e7\u00e3o WPC Meterny - Nove op\u00e7\u00f5es de cores deslumbrantes para todos os estilos<\/figcaption><\/figure>\n<div class=\"pop-container\">\n<div class=\"popcontent-hole\">\n<div class=\"pop-content\">\n<div class=\"normal___qxduM\">\n<div class=\"\">\n<div id=\"chat-markdown-cu123vos8jdneeo3jnsg-0-0\">\n<div class=\"markdown___vuBDJ\">\n<div class=\"markdown___vuBDJ\">\n<h3><strong>Porqu\u00ea escolher os pain\u00e9is de parede WPC resistentes a t\u00e9rmitas para paredes exteriores?<\/strong><\/h3>\n<div class=\"auto-hide-last-sibling-br paragraph-JOTKXA paragraph-element br-paragraph-space\">Existem v\u00e1rias raz\u00f5es para escolher pain\u00e9is de parede WPC resistentes a t\u00e9rmitas para paredes exteriores:<\/div>\n<h3 class=\"header-vfC6AV auto-hide-last-sibling-br\">Prote\u00e7\u00e3o contra t\u00e9rmitas<\/h3>\n<p>&nbsp;<\/p>\n<ul class=\"auto-hide-last-sibling-br\">\n<li>As t\u00e9rmitas podem causar danos significativos nas paredes de madeira tradicionais, levando a repara\u00e7\u00f5es dispendiosas e potenciais problemas estruturais. Os pain\u00e9is de parede WPC resistentes \u00e0s t\u00e9rmitas s\u00e3o feitos de uma combina\u00e7\u00e3o de fibras de madeira e materiais pl\u00e1sticos reciclados, o que os torna pouco apelativos e pouco atractivos para as t\u00e9rmitas.<\/li>\n<li>A aus\u00eancia de celulose na matriz termopl\u00e1stica proporciona um ambiente in\u00f3spito para as t\u00e9rmitas, impedindo-as de infestar e danificar as paredes.<\/li>\n<\/ul>\n<h3 class=\"header-vfC6AV auto-hide-last-sibling-br\">Durabilidade<\/h3>\n<p>&nbsp;<\/p>\n<ul class=\"auto-hide-last-sibling-br\">\n<li>Para al\u00e9m da resist\u00eancia \u00e0s t\u00e9rmitas, os pain\u00e9is de parede WPC s\u00e3o concebidos para resistir a condi\u00e7\u00f5es exteriores adversas, como a humidade e as flutua\u00e7\u00f5es extremas de temperatura. S\u00e3o altamente resistentes a deforma\u00e7\u00f5es, apodrecimento e fissuras, garantindo durabilidade a longo prazo e integridade estrutural.<\/li>\n<li>O processo de fabrico dos pain\u00e9is WPC tamb\u00e9m os torna resistentes aos raios UV, evitando o desbotamento ou a descolora\u00e7\u00e3o da cor ao longo do tempo e mantendo o aspeto est\u00e9tico das paredes exteriores durante muitos anos.<\/li>\n<\/ul>\n<h3 class=\"header-vfC6AV auto-hide-last-sibling-br\">Manuten\u00e7\u00e3o reduzida<\/h3>\n<p>&nbsp;<\/p>\n<ul class=\"auto-hide-last-sibling-br\">\n<li>Ao contr\u00e1rio da madeira tradicional, que requer colora\u00e7\u00e3o, selagem e pintura regulares para proteger contra as t\u00e9rmitas e os elementos, os pain\u00e9is de parede WPC resistentes a t\u00e9rmitas requerem uma manuten\u00e7\u00e3o m\u00ednima. A limpeza peri\u00f3dica dos pain\u00e9is com \u00e1gua e sab\u00e3o suave \u00e9 normalmente suficiente para remover a sujidade, os detritos e as manchas.<\/li>\n<li>Isto n\u00e3o s\u00f3 poupa aos propriet\u00e1rios tempo, esfor\u00e7o e dinheiro valiosos em tarefas de manuten\u00e7\u00e3o, como tamb\u00e9m lhes permite desfrutar do seu espa\u00e7o exterior sem a necessidade constante de manuten\u00e7\u00e3o.<\/li>\n<\/ul>\n<h3 class=\"header-vfC6AV auto-hide-last-sibling-br\">Respeito pelo ambiente<\/h3>\n<p>&nbsp;<\/p>\n<ul class=\"auto-hide-last-sibling-br\">\n<li>A composi\u00e7\u00e3o dos pain\u00e9is WPC inclui frequentemente materiais reciclados, como fibras de madeira e pl\u00e1stico reciclados, contribuindo para a conserva\u00e7\u00e3o de recursos e a redu\u00e7\u00e3o de res\u00edduos.<\/li>\n<li>Ao escolher pain\u00e9is de parede WPC resistentes a t\u00e9rmitas, os propriet\u00e1rios podem evitar a utiliza\u00e7\u00e3o de pesticidas qu\u00edmicos t\u00f3xicos que s\u00e3o frequentemente necess\u00e1rios para os tratamentos tradicionais contra t\u00e9rmitas e insectos, reduzindo a sua pegada ecol\u00f3gica.<\/li>\n<\/ul>\n<h3 class=\"header-vfC6AV auto-hide-last-sibling-br\">Apelo est\u00e9tico<\/h3>\n<p>&nbsp;<\/p>\n<ul class=\"auto-hide-last-sibling-br\">\n<li>Os pain\u00e9is de parede WPC podem ser fabricados para imitar o aspeto e a sensa\u00e7\u00e3o da madeira natural, proporcionando o apelo est\u00e9tico da madeira sem os inconvenientes dos materiais de madeira tradicionais. Est\u00e3o dispon\u00edveis numa variedade de cores, texturas e acabamentos, permitindo aos propriet\u00e1rios escolher a op\u00e7\u00e3o que melhor complementa o seu design exterior e estilo arquitet\u00f3nico.<\/li>\n<li>Os pain\u00e9is tamb\u00e9m podem ser facilmente cortados e moldados para se adaptarem a diferentes configura\u00e7\u00f5es de parede e requisitos de design, oferecendo flexibilidade na instala\u00e7\u00e3o e personaliza\u00e7\u00e3o.<\/li>\n<\/ul>\n<h3 class=\"header-vfC6AV auto-hide-last-sibling-br\">Custo-efic\u00e1cia<\/h3>\n<p>&nbsp;<\/p>\n<ul class=\"auto-hide-last-sibling-br\">\n<li>Embora o custo inicial dos pain\u00e9is de parede WPC possa ser ligeiramente superior ao dos materiais tradicionais, a sua rela\u00e7\u00e3o custo-efic\u00e1cia a longo prazo \u00e9 significativa. A durabilidade e os baixos requisitos de manuten\u00e7\u00e3o dos pain\u00e9is WPC significam que os propriet\u00e1rios podem poupar em repara\u00e7\u00f5es, substitui\u00e7\u00f5es e despesas de manuten\u00e7\u00e3o ao longo do tempo.<\/li>\n<li>Al\u00e9m disso, a resist\u00eancia \u00e0s t\u00e9rmitas e a outras pragas ajuda a proteger o investimento na propriedade e a manter o seu valor, tornando-os uma escolha sensata tanto para os propriet\u00e1rios como para os promotores imobili\u00e1rios.<\/li>\n<\/ul>\n<\/div>\n<\/div>\n<\/div>\n<\/div>\n<\/div>\n<\/div>\n<\/div>\n<\/div>\n<\/div>","protected":false},"excerpt":{"rendered":"<p>Qualidade superior: Fabricado a partir de materiais de primeira qualidade, este painel exterior WPC oferece prote\u00e7\u00e3o contra os elementos.<\/p>\n<p>Design elegante: Eleve o exterior da sua propriedade com um revestimento elegante e moderno que complementa qualquer estilo arquitet\u00f3nico.<\/p>\n<p>F\u00e1cil instala\u00e7\u00e3o: Foi concebido para uma instala\u00e7\u00e3o sem complica\u00e7\u00f5es, poupando-lhe tempo e esfor\u00e7o.<\/p>\n<p>Vers\u00e1til: Quer seja para propriedades residenciais ou comerciais, este painel WPC \u00e9 perfeito para todas as aplica\u00e7\u00f5es de revestimento exterior.<\/p>\n<p>Amigo do ambiente: Fabricado a partir de materiais sustent\u00e1veis, \u00e9 a escolha ambientalmente consciente para as suas necessidades de design exterior.<\/p>","protected":false},"featured_media":20950,"comment_status":"open","ping_status":"closed","template":"","meta":{"_uag_custom_page_level_css":"","site-sidebar-layout":"default","site-content-layout":"","ast-site-content-layout":"default","site-content-style":"default","site-sidebar-style":"default","ast-global-header-display":"","ast-banner-title-visibility":"","ast-main-header-display":"","ast-hfb-above-header-display":"","ast-hfb-below-header-display":"","ast-hfb-mobile-header-display":"","site-post-title":"","ast-breadcrumbs-content":"","ast-featured-img":"","footer-sml-layout":"","theme-transparent-header-meta":"default","adv-header-id-meta":"","stick-header-meta":"default","header-above-stick-meta":"","header-main-stick-meta":"","header-below-stick-meta":"","astra-migrate-meta-layouts":"set","ast-page-background-enabled":"default","ast-page-background-meta":{"desktop":{"background-color":"var(--ast-global-color-4)","background-image":"","background-repeat":"repeat","background-position":"center center","background-size":"auto","background-attachment":"scroll","background-type":"","background-media":"","overlay-type":"","overlay-color":"","overlay-opacity":"","overlay-gradient":""},"tablet":{"background-color":"","background-image":"","background-repeat":"repeat","background-position":"center center","background-size":"auto","background-attachment":"scroll","background-type":"","background-media":"","overlay-type":"","overlay-color":"","overlay-opacity":"","overlay-gradient":""},"mobile":{"background-color":"","background-image":"","background-repeat":"repeat","background-position":"center center","background-size":"auto","background-attachment":"scroll","background-type":"","background-media":"","overlay-type":"","overlay-color":"","overlay-opacity":"","overlay-gradient":""}},"ast-content-background-meta":{"desktop":{"background-color":"var(--ast-global-color-5)","background-image":"","background-repeat":"repeat","background-position":"center center","background-size":"auto","background-attachment":"scroll","background-type":"","background-media":"","overlay-type":"","overlay-color":"","overlay-opacity":"","overlay-gradient":""},"tablet":{"background-color":"var(--ast-global-color-5)","background-image":"","background-repeat":"repeat","background-position":"center center","background-size":"auto","background-attachment":"scroll","background-type":"","background-media":"","overlay-type":"","overlay-color":"","overlay-opacity":"","overlay-gradient":""},"mobile":{"background-color":"var(--ast-global-color-5)","background-image":"","background-repeat":"repeat","background-position":"center center","background-size":"auto","background-attachment":"scroll","background-type":"","background-media":"","overlay-type":"","overlay-color":"","overlay-opacity":"","overlay-gradient":""}}},"product_brand":[],"product_cat":[175],"product_tag":[184,180],"class_list":{"0":"post-21002","1":"product","2":"type-product","3":"status-publish","4":"has-post-thumbnail","6":"product_cat-exterior-wpc-wall","7":"product_tag-wpc-wall-exterior","8":"product_tag-wpc-wall-panel","9":"desktop-align-center","10":"tablet-align-left","11":"mobile-align-left","12":"ast-product-gallery-layout-horizontal-slider","13":"ast-product-tabs-layout-vertical","15":"first","16":"instock","17":"shipping-taxable","18":"product-type-simple"},"uagb_featured_image_src":{"full":["https:\/\/meterny.com\/wp-content\/uploads\/2025\/01\/\u4e3b\u56fe9.jpg",800,800,false],"thumbnail":["https:\/\/meterny.com\/wp-content\/uploads\/2025\/01\/\u4e3b\u56fe9-150x150.jpg",150,150,true],"medium":["https:\/\/meterny.com\/wp-content\/uploads\/2025\/01\/\u4e3b\u56fe9-300x300.jpg",300,300,true],"medium_large":["https:\/\/meterny.com\/wp-content\/uploads\/2025\/01\/\u4e3b\u56fe9-768x768.jpg",768,768,true],"large":["https:\/\/meterny.com\/wp-content\/uploads\/2025\/01\/\u4e3b\u56fe9.jpg",800,800,false],"1536x1536":["https:\/\/meterny.com\/wp-content\/uploads\/2025\/01\/\u4e3b\u56fe9.jpg",800,800,false],"2048x2048":["https:\/\/meterny.com\/wp-content\/uploads\/2025\/01\/\u4e3b\u56fe9.jpg",800,800,false],"trp-custom-language-flag":["https:\/\/meterny.com\/wp-content\/uploads\/2025\/01\/\u4e3b\u56fe9.jpg",12,12,false],"woocommerce_thumbnail":["https:\/\/meterny.com\/wp-content\/uploads\/2025\/01\/\u4e3b\u56fe9-300x300.jpg",300,300,true],"woocommerce_single":["https:\/\/meterny.com\/wp-content\/uploads\/2025\/01\/\u4e3b\u56fe9-600x600.jpg",600,600,true],"woocommerce_gallery_thumbnail":["https:\/\/meterny.com\/wp-content\/uploads\/2025\/01\/\u4e3b\u56fe9-100x100.jpg",100,100,true]},"uagb_author_info":{"display_name":"meterny","author_link":"https:\/\/meterny.com\/pt\/author\/"},"uagb_comment_info":0,"uagb_excerpt":"Superior Quality: Crafted from premium materials, this WPC Exterior panel offers protection against the elements. Stylish Design: Elevate the exterior of your property with sleek and modern cladding that complements any architectural style. Easy Installation: It is designed for hassle-free installation, saving you time and effort. Versatile: Whether it's for residential or commercial properties, This&hellip;","_links":{"self":[{"href":"https:\/\/meterny.com\/pt\/wp-json\/wp\/v2\/product\/21002","targetHints":{"allow":["GET"]}}],"collection":[{"href":"https:\/\/meterny.com\/pt\/wp-json\/wp\/v2\/product"}],"about":[{"href":"https:\/\/meterny.com\/pt\/wp-json\/wp\/v2\/types\/product"}],"replies":[{"embeddable":true,"href":"https:\/\/meterny.com\/pt\/wp-json\/wp\/v2\/comments?post=21002"}],"wp:featuredmedia":[{"embeddable":true,"href":"https:\/\/meterny.com\/pt\/wp-json\/wp\/v2\/media\/20950"}],"wp:attachment":[{"href":"https:\/\/meterny.com\/pt\/wp-json\/wp\/v2\/media?parent=21002"}],"wp:term":[{"taxonomy":"product_brand","embeddable":true,"href":"https:\/\/meterny.com\/pt\/wp-json\/wp\/v2\/product_brand?post=21002"},{"taxonomy":"product_cat","embeddable":true,"href":"https:\/\/meterny.com\/pt\/wp-json\/wp\/v2\/product_cat?post=21002"},{"taxonomy":"product_tag","embeddable":true,"href":"https:\/\/meterny.com\/pt\/wp-json\/wp\/v2\/product_tag?post=21002"}],"curies":[{"name":"wp","href":"https:\/\/api.w.org\/{rel}","templated":true}]}}