{"id":21006,"date":"2025-01-14T12:03:47","date_gmt":"2025-01-14T12:03:47","guid":{"rendered":"https:\/\/meterny.com\/?post_type=product&#038;p=21006"},"modified":"2025-01-14T12:33:47","modified_gmt":"2025-01-14T12:33:47","slug":"outdoor-noise-reducing-wpc-wall-panels","status":"publish","type":"product","link":"https:\/\/meterny.com\/pt\/produto\/outdoor-noise-reducing-wpc-wall-panels\/","title":{"rendered":"Pain\u00e9is de parede WPC com redu\u00e7\u00e3o de ru\u00eddo no exterior"},"content":{"rendered":"<div class=\"elementor-element elementor-element-c0e1d42 elementor-widget elementor-widget-heading\" data-id=\"c0e1d42\" data-element_type=\"widget\" data-widget_type=\"heading.default\">\n<p><span style=\"font-size: 1.5em; font-weight: bold;\">Pain\u00e9is de parede WPC com redu\u00e7\u00e3o de ru\u00eddo no exterior<\/span><\/p>\n<div class=\"elementor-element elementor-element-1f676da elementor-widget elementor-widget-heading\" data-id=\"1f676da\" data-element_type=\"widget\" data-widget_type=\"heading.default\">\n<h4>Vis\u00e3o geral do produto<\/h4>\n<p id=\"\">Os pain\u00e9is de parede WPC para redu\u00e7\u00e3o do ru\u00eddo exterior s\u00e3o decorativos de parede inovadores, concebidos especificamente para ambientes exteriores. Combinando um excelente desempenho de insonoriza\u00e7\u00e3o com a durabilidade dos comp\u00f3sitos de madeira-pl\u00e1stico (WPC), estes pain\u00e9is n\u00e3o s\u00f3 reduzem eficazmente o ru\u00eddo exterior, como tamb\u00e9m proporcionam solu\u00e7\u00f5es decorativas bonitas e ecol\u00f3gicas.<\/p>\n<figure id=\"attachment_20956\" aria-describedby=\"caption-attachment-20956\" style=\"width: 1024px\" class=\"wp-caption alignnone\"><img loading=\"lazy\" decoding=\"async\" class=\"wp-image-20956\" src=\"https:\/\/meterny.com\/wp-content\/uploads\/2025\/01\/75-178-300x300-1.png\" alt=\"Pain\u00e9is de parede WPC com redu\u00e7\u00e3o de ru\u00eddo no exterior\" width=\"1024\" height=\"1024\" srcset=\"https:\/\/meterny.com\/wp-content\/uploads\/2025\/01\/75-178-300x300-1.png 800w, https:\/\/meterny.com\/wp-content\/uploads\/2025\/01\/75-178-300x300-1-300x300.png 300w, https:\/\/meterny.com\/wp-content\/uploads\/2025\/01\/75-178-300x300-1-150x150.png 150w, https:\/\/meterny.com\/wp-content\/uploads\/2025\/01\/75-178-300x300-1-768x768.png 768w, https:\/\/meterny.com\/wp-content\/uploads\/2025\/01\/75-178-300x300-1-600x600.png 600w, https:\/\/meterny.com\/wp-content\/uploads\/2025\/01\/75-178-300x300-1-100x100.png 100w\" sizes=\"auto, (max-width: 1024px) 100vw, 1024px\" \/><figcaption id=\"caption-attachment-20956\" class=\"wp-caption-text\">Criar um espa\u00e7o exterior tranquilo com pain\u00e9is WPC que reduzem o ru\u00eddo<\/figcaption><\/figure>\n<\/div>\n<p><strong style=\"font-size: 1.5em;\">Especifica\u00e7\u00f5es do produto<\/strong><span style=\"font-size: 1.5em; font-weight: bold;\">:<\/span><\/p>\n<ul>\n<li style=\"list-style-type: none;\">\n<ul>\n<li><strong>Material<\/strong>: Fibras de madeira e pl\u00e1stico reciclados<\/li>\n<li><strong>Dimens\u00f5es<\/strong>: 135*119*23mm\/217*201*28mm\/227*210*25mm, com personaliza\u00e7\u00e3o dispon\u00edvel de acordo com os requisitos do cliente.<\/li>\n<li><strong>Espessura<\/strong>: 23\/25\/28mm<\/li>\n<li><strong>Peso<\/strong>: 3kg\/metro<\/li>\n<li><strong>Op\u00e7\u00f5es de cores<\/strong>: Dispon\u00edvel em 9 cores padr\u00e3o, com a op\u00e7\u00e3o de correspond\u00eancia de cores personalizada.<\/li>\n<li><strong>Tratamento de superf\u00edcie<\/strong>: Dispon\u00edvel em acabamento convencional, escovado ou em relevo.<\/li>\n<li><strong>Material<\/strong>: Composto de madeira-pl\u00e1stico (WPC) de alta qualidade feito de uma mistura de fibras de madeira e materiais termopl\u00e1sticos (como HDPE, PVC, PP)<\/li>\n<li><strong>M\u00e9todo de instala\u00e7\u00e3o<\/strong>: macho e f\u00eamea, sistema de clipes, etc.<\/li>\n<li><strong>Resist\u00eancia ao fogo<\/strong>: Cumpre as normas internacionais de seguran\u00e7a contra inc\u00eandios, proporcionando uma camada adicional de seguran\u00e7a para a sua casa.<\/li>\n<li><strong>Prote\u00e7\u00e3o UV<\/strong>: Prote\u00e7\u00e3o UV melhorada para evitar o desbotamento e manter o aspeto vibrante do revestimento.<\/li>\n<li><strong>Garantia<\/strong>: mais de 10 anos<\/li>\n<li><strong>Cen\u00e1rios de aplica\u00e7\u00e3o<\/strong>: Decora\u00e7\u00e3o de muros exteriores, barreiras ac\u00fasticas, veda\u00e7\u00f5es de privacidade, etc.<\/li>\n<\/ul>\n<\/li>\n<\/ul>\n<div class=\"elementor-element elementor-element-1f676da elementor-widget elementor-widget-heading\" data-id=\"1f676da\" data-element_type=\"widget\" data-widget_type=\"heading.default\">\n<h4>Carater\u00edsticas principais<\/h4>\n<ol>\n<li><strong>Excelente desempenho de insonoriza\u00e7\u00e3o<\/strong>:\n<ul>\n<li>Concebidos especificamente para a redu\u00e7\u00e3o do ru\u00eddo, isolam eficazmente o ru\u00eddo exterior para criar um espa\u00e7o exterior tranquilo.<\/li>\n<\/ul>\n<\/li>\n<li><strong>Dur\u00e1vel e amigo do ambiente<\/strong>:\n<ul>\n<li>Fabricado com comp\u00f3sitos de madeira-pl\u00e1stico (WPC) de alta qualidade, combinando as vantagens das fibras de madeira e dos pl\u00e1sticos, com propriedades imperme\u00e1veis, \u00e0 prova de fogo, resistentes \u00e0 corros\u00e3o e \u00e0s intemp\u00e9ries.<\/li>\n<li>Amigo do ambiente e n\u00e3o t\u00f3xico, recicl\u00e1vel e em conformidade com os princ\u00edpios do desenvolvimento sustent\u00e1vel.<\/li>\n<\/ul>\n<\/li>\n<li><strong>Versatilidade<\/strong>:\n<ul>\n<li>Adequado para v\u00e1rios ambientes exteriores, como jardins, varandas, corredores, garagens, etc.<\/li>\n<li>N\u00e3o s\u00f3 tem uma fun\u00e7\u00e3o decorativa, como tamb\u00e9m proporciona uma prote\u00e7\u00e3o adicional da privacidade.<\/li>\n<\/ul>\n<\/li>\n<li><strong>Apelo est\u00e9tico e f\u00e1cil instala\u00e7\u00e3o<\/strong>:\n<ul>\n<li>Oferece uma variedade de cores e desenhos \u00e0 escolha, personaliz\u00e1veis de acordo com as prefer\u00eancias pessoais e os estilos arquitect\u00f3nicos.<\/li>\n<li>F\u00e1cil de instalar, compat\u00edvel com a bricolage, poupando tempo e custos de instala\u00e7\u00e3o.<\/li>\n<\/ul>\n<\/li>\n<li><strong>Servi\u00e7o de qualidade<\/strong>:\n<ul>\n<li>Fornece um servi\u00e7o completo de consulta pr\u00e9-venda e p\u00f3s-venda, incluindo apoio t\u00e9cnico online, inspe\u00e7\u00e3o no local, devolu\u00e7\u00f5es e trocas.<\/li>\n<li>Suporta servi\u00e7os OEM e ODM para satisfazer necessidades personalizadas.<\/li>\n<\/ul>\n<\/li>\n<\/ol>\n<h4>Garantia de qualidade e certifica\u00e7\u00f5es<\/h4>\n<ul>\n<li><strong>Garantia<\/strong>: Mais de 5 anos<\/li>\n<li><strong>Certifica\u00e7\u00f5es<\/strong>: CE, EN 15534, REACH e outras certifica\u00e7\u00f5es de normas internacionais para garantir a qualidade e a seguran\u00e7a do produto.<\/li>\n<\/ul>\n<h4>Embalagem e expedi\u00e7\u00e3o<\/h4>\n<ul>\n<li><strong>Unidade de venda<\/strong>: Artigo \u00fanico<\/li>\n<li><strong>Tamanho da embalagem individual<\/strong>: Varia consoante o modelo espec\u00edfico<\/li>\n<li><strong>Peso bruto por item<\/strong>: Aproximadamente 3.000kg<\/li>\n<li><strong>Prazo de entrega<\/strong>: Depende do volume da encomenda e dos requisitos de personaliza\u00e7\u00e3o<\/li>\n<li><strong>M\u00e9todo de envio<\/strong>: Suporta v\u00e1rios m\u00e9todos de transporte, negoci\u00e1veis com base nas necessidades do cliente.<\/li>\n<\/ul>\n<h4>Contactar-nos<\/h4>\n<p>Como fabricante e fornecedor profissional de produtos WPC de alta qualidade, estamos empenhados em fornecer-lhe as melhores solu\u00e7\u00f5es para os seus projectos de exterior. Contacte-nos hoje para discutir as suas necessidades espec\u00edficas e obter um or\u00e7amento gratuito.<\/p>\n<p>Whatsapp:+86 18566054354<\/p>\n<p>Correio eletr\u00f3nico: damon@meterny.com<\/p>\n<h3>Se quiser saber mais pormenores, clique no link para o youtube:<a href=\"https:\/\/youtu.be\/Btywqaynt_Y\" target=\"_blank\" rel=\"noopener\">https:\/\/youtu.be\/Btywqaynt_Y<\/a><\/h3>\n<p>&nbsp;<\/p>\n<h3>Galeria<\/h3>\n<p>&nbsp;<\/p>\n<figure id=\"attachment_20947\" aria-describedby=\"caption-attachment-20947\" style=\"width: 1024px\" class=\"wp-caption alignnone\"><img loading=\"lazy\" decoding=\"async\" class=\"wp-image-20947\" src=\"https:\/\/meterny.com\/wp-content\/uploads\/2025\/01\/75-155.jpg\" alt=\"Pain\u00e9is de parede WPC com prote\u00e7\u00e3o UV para decora\u00e7\u00e3o de paredes exteriores\" width=\"1024\" height=\"1024\" srcset=\"https:\/\/meterny.com\/wp-content\/uploads\/2025\/01\/75-155.jpg 800w, https:\/\/meterny.com\/wp-content\/uploads\/2025\/01\/75-155-300x300.jpg 300w, https:\/\/meterny.com\/wp-content\/uploads\/2025\/01\/75-155-150x150.jpg 150w, https:\/\/meterny.com\/wp-content\/uploads\/2025\/01\/75-155-768x768.jpg 768w, https:\/\/meterny.com\/wp-content\/uploads\/2025\/01\/75-155-600x600.jpg 600w, https:\/\/meterny.com\/wp-content\/uploads\/2025\/01\/75-155-100x100.jpg 100w\" sizes=\"auto, (max-width: 1024px) 100vw, 1024px\" \/><figcaption id=\"caption-attachment-20947\" class=\"wp-caption-text\">Proteja o seu espa\u00e7o exterior dos raios UV com pain\u00e9is WPC<\/figcaption><\/figure>\n<figure id=\"attachment_20939\" aria-describedby=\"caption-attachment-20939\" style=\"width: 1024px\" class=\"wp-caption alignnone\"><img loading=\"lazy\" decoding=\"async\" class=\"wp-image-20939\" src=\"https:\/\/meterny.com\/wp-content\/uploads\/2025\/01\/70-43.jpg\" alt=\"Pain\u00e9is de parede WPC resistentes \u00e0s intemp\u00e9ries no exterior\" width=\"1024\" height=\"1026\" srcset=\"https:\/\/meterny.com\/wp-content\/uploads\/2025\/01\/70-43.jpg 820w, https:\/\/meterny.com\/wp-content\/uploads\/2025\/01\/70-43-300x300.jpg 300w, https:\/\/meterny.com\/wp-content\/uploads\/2025\/01\/70-43-150x150.jpg 150w, https:\/\/meterny.com\/wp-content\/uploads\/2025\/01\/70-43-768x770.jpg 768w, https:\/\/meterny.com\/wp-content\/uploads\/2025\/01\/70-43-600x601.jpg 600w, https:\/\/meterny.com\/wp-content\/uploads\/2025\/01\/70-43-100x100.jpg 100w\" sizes=\"auto, (max-width: 1024px) 100vw, 1024px\" \/><figcaption id=\"caption-attachment-20939\" class=\"wp-caption-text\">Resistir aos elementos com pain\u00e9is WPC resistentes \u00e0s intemp\u00e9ries<\/figcaption><\/figure>\n<figure id=\"attachment_20792\" aria-describedby=\"caption-attachment-20792\" style=\"width: 1024px\" class=\"wp-caption alignnone\"><img loading=\"lazy\" decoding=\"async\" class=\"wp-image-20792\" src=\"https:\/\/meterny.com\/wp-content\/uploads\/2024\/04\/99.png\" alt=\"Painel de revestimento de parede WPC\" width=\"1024\" height=\"1024\" srcset=\"https:\/\/meterny.com\/wp-content\/uploads\/2024\/04\/99.png 1000w, https:\/\/meterny.com\/wp-content\/uploads\/2024\/04\/99-300x300.png 300w, https:\/\/meterny.com\/wp-content\/uploads\/2024\/04\/99-150x150.png 150w, https:\/\/meterny.com\/wp-content\/uploads\/2024\/04\/99-768x768.png 768w, https:\/\/meterny.com\/wp-content\/uploads\/2024\/04\/99-600x600.png 600w, https:\/\/meterny.com\/wp-content\/uploads\/2024\/04\/99-100x100.png 100w\" sizes=\"auto, (max-width: 1024px) 100vw, 1024px\" \/><figcaption id=\"caption-attachment-20792\" class=\"wp-caption-text\">Eleve o exterior do seu edif\u00edcio com pain\u00e9is de parede WPC dur\u00e1veis e elegantes<\/figcaption><\/figure>\n<\/div>\n<div class=\"elementor-element elementor-element-1f676da elementor-widget elementor-widget-heading\" data-id=\"1f676da\" data-element_type=\"widget\" data-widget_type=\"heading.default\">\n<h3>Op\u00e7\u00f5es de cores<\/h3>\n<p>Painel de Parede WPC Personaliz\u00e1vel para Cerca de Privacidade<\/p>\n<p>&nbsp;<\/p>\n<figure id=\"attachment_20293\" aria-describedby=\"caption-attachment-20293\" style=\"width: 1024px\" class=\"wp-caption alignnone\"><img loading=\"lazy\" decoding=\"async\" class=\"wp-image-20293\" src=\"https:\/\/meterny.com\/wp-content\/uploads\/2024\/10\/METE-Series-Colour-151.png\" alt=\"Op\u00e7\u00f5es de cores da veda\u00e7\u00e3o Meterny WPC\" width=\"1024\" height=\"1024\" srcset=\"https:\/\/meterny.com\/wp-content\/uploads\/2024\/10\/METE-Series-Colour-151.png 900w, https:\/\/meterny.com\/wp-content\/uploads\/2024\/10\/METE-Series-Colour-151-300x300.png 300w, https:\/\/meterny.com\/wp-content\/uploads\/2024\/10\/METE-Series-Colour-151-150x150.png 150w, https:\/\/meterny.com\/wp-content\/uploads\/2024\/10\/METE-Series-Colour-151-768x768.png 768w, https:\/\/meterny.com\/wp-content\/uploads\/2024\/10\/METE-Series-Colour-151-600x600.png 600w, https:\/\/meterny.com\/wp-content\/uploads\/2024\/10\/METE-Series-Colour-151-100x100.png 100w\" sizes=\"auto, (max-width: 1024px) 100vw, 1024px\" \/><figcaption id=\"caption-attachment-20293\" class=\"wp-caption-text\">Explorar Veda\u00e7\u00e3o WPC Meterny - Nove op\u00e7\u00f5es de cores deslumbrantes para todos os estilos<\/figcaption><\/figure>\n<div class=\"pop-container\">\n<div class=\"popcontent-hole\">\n<div class=\"pop-content\">\n<div class=\"normal___qxduM\">\n<div class=\"\">\n<div id=\"chat-markdown-cu123vos8jdneeo3jnsg-0-0\">\n<div class=\"markdown___vuBDJ\">\n<div class=\"markdown___vuBDJ\">\n<h3><strong>Porqu\u00ea escolher os pain\u00e9is de parede WPC para exterior com redu\u00e7\u00e3o de ru\u00eddo?<\/strong><\/h3>\n<div class=\"inter-wCaKYV\">\n<div class=\"container-ncFTrL\">\n<div class=\"item-KOa3z_\">\n<div class=\"container-rBgb6B chrome70-container\">\n<div class=\"inner-LOKNYu inner-item-AQrr_W\" data-target-id=\"message-box-target-id\" data-testid=\"union_message\">\n<div class=\"message-block-container-CKPFh2\" data-testid=\"message-block-container\">\n<div class=\"message-box-y4MH8s\" data-testid=\"receive_message\">\n<div class=\"message-box-content-wrapper-fgNGpz\">\n<div class=\"message-content message-box-content-xoCEoU receive-message-box-content-bNaFpa samantha-message-box-content-gWlptz\" data-testid=\"message_content\">\n<div class=\"container-ZYIsnH flow-markdown-body theme-samantha-Nbr9UN\" dir=\"ltr\" data-testid=\"message_text_content\" data-show-indicator=\"false\">\n<div class=\"auto-hide-last-sibling-br paragraph-JOTKXA paragraph-element br-paragraph-space\">Existem v\u00e1rias raz\u00f5es para escolher pain\u00e9is de parede WPC que reduzem o ru\u00eddo no exterior:<\/div>\n<h3 class=\"header-vfC6AV auto-hide-last-sibling-br\">Redu\u00e7\u00e3o de ru\u00eddo superior<\/h3>\n<p>&nbsp;<\/p>\n<ul class=\"auto-hide-last-sibling-br\">\n<li><strong>Absor\u00e7\u00e3o de som efectiva<\/strong>: A combina\u00e7\u00e3o de fibras de madeira e pol\u00edmeros nos pain\u00e9is WPC ajuda a absorver e amortecer as ondas sonoras, reduzindo a transmiss\u00e3o de ru\u00eddo. Podem bloquear significativamente os ru\u00eddos externos, como o tr\u00e1fego, a constru\u00e7\u00e3o e as actividades da vizinhan\u00e7a, criando um ambiente exterior mais calmo e tranquilo.<\/li>\n<li><strong>Vers\u00e1til em diferentes ambientes<\/strong>: Quer se trate de uma propriedade residencial perto de uma rua movimentada, de um edif\u00edcio comercial numa zona ruidosa ou de uma zona industrial com elevados n\u00edveis de ru\u00eddo, os pain\u00e9is de parede WPC para redu\u00e7\u00e3o do ru\u00eddo exterior podem ser aplicados eficazmente para atenuar a polui\u00e7\u00e3o sonora.<\/li>\n<\/ul>\n<h3 class=\"header-vfC6AV auto-hide-last-sibling-br\">Durabilidade e resist\u00eancia \u00e0s intemp\u00e9ries<\/h3>\n<p>&nbsp;<\/p>\n<ul class=\"auto-hide-last-sibling-br\">\n<li><strong>Resistente a condi\u00e7\u00f5es climat\u00e9ricas adversas<\/strong>: Os pain\u00e9is de parede WPC s\u00e3o altamente resistentes \u00e0 humidade, aos raios UV e a flutua\u00e7\u00f5es extremas de temperatura. N\u00e3o se deformam, racham ou desvanecem facilmente quando expostos \u00e0 chuva, neve ou luz solar durante muito tempo, garantindo uma durabilidade a longo prazo e mantendo o seu desempenho de redu\u00e7\u00e3o do ru\u00eddo no exterior.<\/li>\n<li><strong>Resist\u00eancia aos insectos e ao apodrecimento<\/strong>: Ao contr\u00e1rio das paredes de madeira tradicionais que s\u00e3o propensas a danos causados por t\u00e9rmitas e a apodrecer, os pain\u00e9is de parede WPC s\u00e3o resistentes a insectos e \u00e0 decomposi\u00e7\u00e3o, proporcionando uma solu\u00e7\u00e3o mais fi\u00e1vel e duradoura para a redu\u00e7\u00e3o do ru\u00eddo exterior.<\/li>\n<\/ul>\n<h3 class=\"header-vfC6AV auto-hide-last-sibling-br\">Personaliza\u00e7\u00e3o e est\u00e9tica<\/h3>\n<p>&nbsp;<\/p>\n<ul class=\"auto-hide-last-sibling-br\">\n<li><strong>Vasta gama de op\u00e7\u00f5es de design<\/strong>: Os pain\u00e9is de parede WPC que reduzem o ru\u00eddo no exterior est\u00e3o dispon\u00edveis em v\u00e1rias cores, texturas e acabamentos, permitindo-lhe personalizar o aspeto de forma a corresponder ao seu estilo pessoal e \u00e0 est\u00e9tica geral da sua propriedade. Tamb\u00e9m podem ser facilmente cortados e moldados para se adaptarem a diferentes configura\u00e7\u00f5es de parede e requisitos de design, oferecendo flexibilidade na instala\u00e7\u00e3o e personaliza\u00e7\u00e3o.<\/li>\n<li><strong>Melhorar os espa\u00e7os exteriores<\/strong>: Estes pain\u00e9is n\u00e3o s\u00f3 reduzem o ru\u00eddo como tamb\u00e9m acrescentam um elemento atrativo \u00e0s suas \u00e1reas exteriores, como jardins, p\u00e1tios e varandas, criando um espa\u00e7o mais confort\u00e1vel e visualmente mais apelativo.<\/li>\n<\/ul>\n<h3 class=\"header-vfC6AV auto-hide-last-sibling-br\">Manuten\u00e7\u00e3o reduzida<\/h3>\n<p>&nbsp;<\/p>\n<ul class=\"auto-hide-last-sibling-br\">\n<li><strong>F\u00e1cil de limpar<\/strong>: Os pain\u00e9is de parede WPC requerem uma manuten\u00e7\u00e3o m\u00ednima. A limpeza peri\u00f3dica com \u00e1gua e sab\u00e3o suave \u00e9 normalmente suficiente para remover a sujidade, detritos e manchas, mantendo os pain\u00e9is limpos e em \u00f3ptimas condi\u00e7\u00f5es. N\u00e3o h\u00e1 necessidade de pintar, tingir ou selar como nas paredes de madeira tradicionais, poupando tempo e dinheiro em tarefas de manuten\u00e7\u00e3o.<\/li>\n<li><strong>Longo tempo de vida<\/strong>: Devido \u00e0 sua durabilidade e resist\u00eancia a v\u00e1rios elementos, os pain\u00e9is de parede WPC que reduzem o ru\u00eddo no exterior t\u00eam uma longa vida \u00fatil. Isto significa que n\u00e3o tem de se preocupar com substitui\u00e7\u00f5es ou repara\u00e7\u00f5es frequentes, reduzindo o custo global e o inc\u00f3modo associado \u00e0 manuten\u00e7\u00e3o das paredes exteriores.<\/li>\n<\/ul>\n<h3 class=\"header-vfC6AV auto-hide-last-sibling-br\">Respeito pelo ambiente<\/h3>\n<p>&nbsp;<\/p>\n<ul class=\"auto-hide-last-sibling-br\">\n<li><strong>Materiais reciclados<\/strong>: O WPC \u00e9 frequentemente fabricado a partir de fibras de madeira e pl\u00e1stico reciclados, o que ajuda a reduzir os res\u00edduos e a conservar os recursos naturais. Ao escolher pain\u00e9is de parede WPC que reduzem o ru\u00eddo no exterior, est\u00e1 a contribuir para um ambiente mais sustent\u00e1vel.<\/li>\n<li><strong>Sem produtos qu\u00edmicos t\u00f3xicos<\/strong>: Ao contr\u00e1rio de alguns materiais de veda\u00e7\u00e3o tradicionais que podem exigir a utiliza\u00e7\u00e3o de produtos qu\u00edmicos t\u00f3xicos para tratamento ou preserva\u00e7\u00e3o, os pain\u00e9is de parede WPC s\u00e3o geralmente isentos de subst\u00e2ncias nocivas. Isto torna-os uma escolha mais segura tanto para o ambiente como para as pessoas que vivem dentro e \u00e0 volta da propriedade.<\/li>\n<\/ul>\n<\/div>\n<\/div>\n<\/div>\n<div class=\"answer-action-bar-wEWc6C bottom-action-bar-wrapper-qtqrci large-space-b582O0 answer-action-bar\" data-testid=\"message_action_bar\">\n<div class=\"container-seCXVJ container-TRt1mF bottom-action-bar-iUQiGg\" data-message-action-bar=\"1\">\n<div class=\"left-Qpwvoi\">\n<div class=\"bp5-overflow-list container-LFxhPL align-start-B2LgK_ inner-TjQIQn\"><\/div>\n<\/div>\n<\/div>\n<\/div>\n<\/div>\n<\/div>\n<\/div>\n<\/div>\n<\/div>\n<\/div>\n<\/div>\n<div class=\"top-dN_PSZ\">\n<div class=\"container-rBgb6B chrome70-container\"><\/div>\n<\/div>\n<\/div>\n<\/div>\n<\/div>\n<\/div>\n<\/div>\n<\/div>\n<\/div>\n<\/div>\n<\/div>\n<\/div>","protected":false},"excerpt":{"rendered":"<p>Qualidade superior: Fabricado a partir de materiais de primeira qualidade, este painel exterior WPC oferece prote\u00e7\u00e3o contra os elementos.<\/p>\n<p>Design elegante: Eleve o exterior da sua propriedade com um revestimento elegante e moderno que complementa qualquer estilo arquitet\u00f3nico.<\/p>\n<p>F\u00e1cil instala\u00e7\u00e3o: Foi concebido para uma instala\u00e7\u00e3o sem complica\u00e7\u00f5es, poupando-lhe tempo e esfor\u00e7o.<\/p>\n<p>Vers\u00e1til: Quer seja para propriedades residenciais ou comerciais, este painel WPC \u00e9 perfeito para todas as aplica\u00e7\u00f5es de revestimento exterior.<\/p>\n<p>Amigo do ambiente: Fabricado a partir de materiais sustent\u00e1veis, \u00e9 a escolha ambientalmente consciente para as suas necessidades de design exterior.<\/p>","protected":false},"featured_media":20956,"comment_status":"open","ping_status":"closed","template":"","meta":{"_uag_custom_page_level_css":"","site-sidebar-layout":"default","site-content-layout":"","ast-site-content-layout":"default","site-content-style":"default","site-sidebar-style":"default","ast-global-header-display":"","ast-banner-title-visibility":"","ast-main-header-display":"","ast-hfb-above-header-display":"","ast-hfb-below-header-display":"","ast-hfb-mobile-header-display":"","site-post-title":"","ast-breadcrumbs-content":"","ast-featured-img":"","footer-sml-layout":"","theme-transparent-header-meta":"default","adv-header-id-meta":"","stick-header-meta":"default","header-above-stick-meta":"","header-main-stick-meta":"","header-below-stick-meta":"","astra-migrate-meta-layouts":"set","ast-page-background-enabled":"default","ast-page-background-meta":{"desktop":{"background-color":"var(--ast-global-color-4)","background-image":"","background-repeat":"repeat","background-position":"center center","background-size":"auto","background-attachment":"scroll","background-type":"","background-media":"","overlay-type":"","overlay-color":"","overlay-opacity":"","overlay-gradient":""},"tablet":{"background-color":"","background-image":"","background-repeat":"repeat","background-position":"center center","background-size":"auto","background-attachment":"scroll","background-type":"","background-media":"","overlay-type":"","overlay-color":"","overlay-opacity":"","overlay-gradient":""},"mobile":{"background-color":"","background-image":"","background-repeat":"repeat","background-position":"center center","background-size":"auto","background-attachment":"scroll","background-type":"","background-media":"","overlay-type":"","overlay-color":"","overlay-opacity":"","overlay-gradient":""}},"ast-content-background-meta":{"desktop":{"background-color":"var(--ast-global-color-5)","background-image":"","background-repeat":"repeat","background-position":"center center","background-size":"auto","background-attachment":"scroll","background-type":"","background-media":"","overlay-type":"","overlay-color":"","overlay-opacity":"","overlay-gradient":""},"tablet":{"background-color":"var(--ast-global-color-5)","background-image":"","background-repeat":"repeat","background-position":"center center","background-size":"auto","background-attachment":"scroll","background-type":"","background-media":"","overlay-type":"","overlay-color":"","overlay-opacity":"","overlay-gradient":""},"mobile":{"background-color":"var(--ast-global-color-5)","background-image":"","background-repeat":"repeat","background-position":"center center","background-size":"auto","background-attachment":"scroll","background-type":"","background-media":"","overlay-type":"","overlay-color":"","overlay-opacity":"","overlay-gradient":""}}},"product_brand":[],"product_cat":[175],"product_tag":[184,180],"class_list":{"0":"post-21006","1":"product","2":"type-product","3":"status-publish","4":"has-post-thumbnail","6":"product_cat-exterior-wpc-wall","7":"product_tag-wpc-wall-exterior","8":"product_tag-wpc-wall-panel","9":"desktop-align-center","10":"tablet-align-left","11":"mobile-align-left","12":"ast-product-gallery-layout-horizontal-slider","13":"ast-product-tabs-layout-vertical","15":"first","16":"instock","17":"shipping-taxable","18":"product-type-simple"},"uagb_featured_image_src":{"full":["https:\/\/meterny.com\/wp-content\/uploads\/2025\/01\/75-178-300x300-1.png",800,800,false],"thumbnail":["https:\/\/meterny.com\/wp-content\/uploads\/2025\/01\/75-178-300x300-1-150x150.png",150,150,true],"medium":["https:\/\/meterny.com\/wp-content\/uploads\/2025\/01\/75-178-300x300-1-300x300.png",300,300,true],"medium_large":["https:\/\/meterny.com\/wp-content\/uploads\/2025\/01\/75-178-300x300-1-768x768.png",768,768,true],"large":["https:\/\/meterny.com\/wp-content\/uploads\/2025\/01\/75-178-300x300-1.png",800,800,false],"1536x1536":["https:\/\/meterny.com\/wp-content\/uploads\/2025\/01\/75-178-300x300-1.png",800,800,false],"2048x2048":["https:\/\/meterny.com\/wp-content\/uploads\/2025\/01\/75-178-300x300-1.png",800,800,false],"trp-custom-language-flag":["https:\/\/meterny.com\/wp-content\/uploads\/2025\/01\/75-178-300x300-1.png",12,12,false],"woocommerce_thumbnail":["https:\/\/meterny.com\/wp-content\/uploads\/2025\/01\/75-178-300x300-1-300x300.png",300,300,true],"woocommerce_single":["https:\/\/meterny.com\/wp-content\/uploads\/2025\/01\/75-178-300x300-1-600x600.png",600,600,true],"woocommerce_gallery_thumbnail":["https:\/\/meterny.com\/wp-content\/uploads\/2025\/01\/75-178-300x300-1-100x100.png",100,100,true]},"uagb_author_info":{"display_name":"meterny","author_link":"https:\/\/meterny.com\/pt\/author\/"},"uagb_comment_info":0,"uagb_excerpt":"Superior Quality: Crafted from premium materials, this WPC Exterior panel offers protection against the elements. Stylish Design: Elevate the exterior of your property with sleek and modern cladding that complements any architectural style. Easy Installation: It is designed for hassle-free installation, saving you time and effort. Versatile: Whether it's for residential or commercial properties, This&hellip;","_links":{"self":[{"href":"https:\/\/meterny.com\/pt\/wp-json\/wp\/v2\/product\/21006","targetHints":{"allow":["GET"]}}],"collection":[{"href":"https:\/\/meterny.com\/pt\/wp-json\/wp\/v2\/product"}],"about":[{"href":"https:\/\/meterny.com\/pt\/wp-json\/wp\/v2\/types\/product"}],"replies":[{"embeddable":true,"href":"https:\/\/meterny.com\/pt\/wp-json\/wp\/v2\/comments?post=21006"}],"wp:featuredmedia":[{"embeddable":true,"href":"https:\/\/meterny.com\/pt\/wp-json\/wp\/v2\/media\/20956"}],"wp:attachment":[{"href":"https:\/\/meterny.com\/pt\/wp-json\/wp\/v2\/media?parent=21006"}],"wp:term":[{"taxonomy":"product_brand","embeddable":true,"href":"https:\/\/meterny.com\/pt\/wp-json\/wp\/v2\/product_brand?post=21006"},{"taxonomy":"product_cat","embeddable":true,"href":"https:\/\/meterny.com\/pt\/wp-json\/wp\/v2\/product_cat?post=21006"},{"taxonomy":"product_tag","embeddable":true,"href":"https:\/\/meterny.com\/pt\/wp-json\/wp\/v2\/product_tag?post=21006"}],"curies":[{"name":"wp","href":"https:\/\/api.w.org\/{rel}","templated":true}]}}